{"id":8,"date":"2020-06-26T22:54:01","date_gmt":"2020-06-26T20:54:01","guid":{"rendered":"http:\/\/politykipubliczne.pl\/?page_id=8"},"modified":"2025-10-29T11:35:25","modified_gmt":"2025-10-29T10:35:25","slug":"kontakt","status":"publish","type":"page","link":"https:\/\/politykipubliczne.pl\/en\/kontakt\/","title":{"rendered":"Kontakt"},"content":{"rendered":"<p>Centrum Polityk Publicznych Uniwersytetu Ekonomicznego w Krakowie<br \/>ul. Rakowicka 16, 31-510 Krak\u00f3w<br \/>T: (12) 293 75 64<\/p>\r\n<p>Izabela Wi\u015bniewska<br \/>Ma\u0142opolska Szko\u0142a Administracji Publicznej<br \/>ul. Rakowicka 16 | pok. 22<br \/>E: izabela.wisniewska@uek.krakow.pl<br \/>T: (+48) 570 171 551<\/p>\r\n<p>Uprzejmie prosimy w miar\u0119 mo\u017cliwo\u015bci o kontakt zdalny.<\/p>\r\n<p>Biuro czynne w \u015brody w godzinach 8:00 &#8211; 16:00<\/p>\r\n<p>&nbsp;<\/p>\r\n<p><span style=\"color: #52b3c6;\"><strong>cpp@uek.krakow.pl<\/strong><\/span><\/p>","protected":false},"excerpt":{"rendered":"<p>Centrum Polityk Publicznych Uniwersytetu Ekonomicznego w Krakowieul. Rakowicka 16, 31-510 Krak\u00f3wT: (12) 293 75 64 Izabela Wi\u015bniewskaMa\u0142opolska Szko\u0142a Administracji Publicznejul. Rakowicka 16 | pok. 22E: izabela.wisniewska@uek.krakow.plT: (+48) 570 171 551 Uprzejmie prosimy w miar\u0119 mo\u017cliwo\u015bci o kontakt zdalny. Biuro czynne w \u015brody w godzinach 8:00 &#8211; 16:00 &nbsp; cpp@uek.krakow.pl<\/p>","protected":false},"author":1,"featured_media":0,"parent":0,"menu_order":0,"comment_status":"closed","ping_status":"closed","template":"page-contact.php","meta":{"_acf_changed":false,"_monsterinsights_skip_tracking":false,"_monsterinsights_sitenote_active":false,"_monsterinsights_sitenote_note":"","_monsterinsights_sitenote_category":0,"footnotes":""},"acf":[],"yoast_head":"<!-- This site is optimized with the Yoast SEO plugin v23.5 - https:\/\/yoast.com\/wordpress\/plugins\/seo\/ -->\n<title>Kontakt - Centrum Polityk Publicznych UEK<\/title>\n<meta name=\"description\" content=\"Centrum Polityk Publicznych Uniwersytetu Ekonomicznego w Krakowie, ul. Rakowicka 16, biuro CPP czynne we wtorki i czwartki w godz. 8\u201316.\" \/>\n<meta name=\"robots\" content=\"index, follow, max-snippet:-1, max-image-preview:large, max-video-preview:-1\" \/>\n<link rel=\"canonical\" href=\"https:\/\/politykipubliczne.pl\/en\/kontakt\/\" \/>\n<meta property=\"og:locale\" content=\"en_GB\" \/>\n<meta property=\"og:type\" content=\"article\" \/>\n<meta property=\"og:title\" content=\"Kontakt - Centrum Polityk Publicznych UEK\" \/>\n<meta property=\"og:description\" content=\"Centrum Polityk Publicznych Uniwersytetu Ekonomicznego w Krakowie, ul. Rakowicka 16, biuro CPP czynne we wtorki i czwartki w godz. 8\u201316.\" \/>\n<meta property=\"og:url\" content=\"https:\/\/politykipubliczne.pl\/en\/kontakt\/\" \/>\n<meta property=\"og:site_name\" content=\"Centrum Polityk Publicznych UEK\" \/>\n<meta property=\"article:publisher\" content=\"https:\/\/www.facebook.com\/CPPUEK\" \/>\n<meta property=\"article:modified_time\" content=\"2025-10-29T10:35:25+00:00\" \/>\n<meta property=\"og:image\" content=\"https:\/\/politykipubliczne.pl\/wp-content\/uploads\/2020\/10\/CPP_ikona.png\" \/>\n\t<meta property=\"og:image:width\" content=\"512\" \/>\n\t<meta property=\"og:image:height\" content=\"512\" \/>\n\t<meta property=\"og:image:type\" content=\"image\/png\" \/>\n<meta name=\"twitter:card\" content=\"summary_large_image\" \/>\n<meta name=\"twitter:site\" content=\"@cppuek\" \/>\n<meta name=\"twitter:label1\" content=\"Estimated reading time\" \/>\n\t<meta name=\"twitter:data1\" content=\"1 minute\" \/>\n<script type=\"application\/ld+json\" class=\"yoast-schema-graph\">{\"@context\":\"https:\/\/schema.org\",\"@graph\":[{\"@type\":\"WebPage\",\"@id\":\"https:\/\/politykipubliczne.pl\/kontakt\/\",\"url\":\"https:\/\/politykipubliczne.pl\/kontakt\/\",\"name\":\"Kontakt - Centrum Polityk Publicznych UEK\",\"isPartOf\":{\"@id\":\"https:\/\/politykipubliczne.pl\/#website\"},\"datePublished\":\"2020-06-26T20:54:01+00:00\",\"dateModified\":\"2025-10-29T10:35:25+00:00\",\"description\":\"Centrum Polityk Publicznych Uniwersytetu Ekonomicznego w Krakowie, ul. Rakowicka 16, biuro CPP czynne we wtorki i czwartki w godz. 8\u201316.\",\"breadcrumb\":{\"@id\":\"https:\/\/politykipubliczne.pl\/kontakt\/#breadcrumb\"},\"inLanguage\":\"en-GB\",\"potentialAction\":[{\"@type\":\"ReadAction\",\"target\":[\"https:\/\/politykipubliczne.pl\/kontakt\/\"]}]},{\"@type\":\"BreadcrumbList\",\"@id\":\"https:\/\/politykipubliczne.pl\/kontakt\/#breadcrumb\",\"itemListElement\":[{\"@type\":\"ListItem\",\"position\":1,\"name\":\"Strona g\u0142\u00f3wna\",\"item\":\"https:\/\/politykipubliczne.pl\/\"},{\"@type\":\"ListItem\",\"position\":2,\"name\":\"Kontakt\"}]},{\"@type\":\"WebSite\",\"@id\":\"https:\/\/politykipubliczne.pl\/#website\",\"url\":\"https:\/\/politykipubliczne.pl\/\",\"name\":\"Centrum Polityk Publicznych UEK\",\"description\":\"Centrum Polityk Publicznych (CPP) jest akademickim o\u015brodkiem bada\u0144 podejmuj\u0105cym kluczowe problemy administracji publicznej, gospodarki publicznej oraz zarz\u0105dzania publicznego.\",\"publisher\":{\"@id\":\"https:\/\/politykipubliczne.pl\/#organization\"},\"potentialAction\":[{\"@type\":\"SearchAction\",\"target\":{\"@type\":\"EntryPoint\",\"urlTemplate\":\"https:\/\/politykipubliczne.pl\/?s={search_term_string}\"},\"query-input\":{\"@type\":\"PropertyValueSpecification\",\"valueRequired\":true,\"valueName\":\"search_term_string\"}}],\"inLanguage\":\"en-GB\"},{\"@type\":\"Organization\",\"@id\":\"https:\/\/politykipubliczne.pl\/#organization\",\"name\":\"Centrum Polityk Publicznych UEK\",\"url\":\"https:\/\/politykipubliczne.pl\/\",\"logo\":{\"@type\":\"ImageObject\",\"inLanguage\":\"en-GB\",\"@id\":\"https:\/\/politykipubliczne.pl\/#\/schema\/logo\/image\/\",\"url\":\"https:\/\/politykipubliczne.pl\/wp-content\/uploads\/2020\/10\/CPP_ikona_2.png\",\"contentUrl\":\"https:\/\/politykipubliczne.pl\/wp-content\/uploads\/2020\/10\/CPP_ikona_2.png\",\"width\":512,\"height\":512,\"caption\":\"Centrum Polityk Publicznych UEK\"},\"image\":{\"@id\":\"https:\/\/politykipubliczne.pl\/#\/schema\/logo\/image\/\"},\"sameAs\":[\"https:\/\/www.facebook.com\/CPPUEK\",\"https:\/\/x.com\/cppuek\",\"https:\/\/pl.wikipedia.org\/wiki\/Centrum_Polityk_Publicznych_Uniwersytetu_Ekonomicznego_w_Krakowie_(CPP_UEK)\"]}]}<\/script>\n<!-- \/ Yoast SEO plugin. -->","yoast_head_json":{"title":"Kontakt - Centrum Polityk Publicznych UEK","description":"Centrum Polityk Publicznych Uniwersytetu Ekonomicznego w Krakowie, ul. Rakowicka 16, biuro CPP czynne we wtorki i czwartki w godz. 8\u201316.","robots":{"index":"index","follow":"follow","max-snippet":"max-snippet:-1","max-image-preview":"max-image-preview:large","max-video-preview":"max-video-preview:-1"},"canonical":"https:\/\/politykipubliczne.pl\/en\/kontakt\/","og_locale":"en_GB","og_type":"article","og_title":"Kontakt - Centrum Polityk Publicznych UEK","og_description":"Centrum Polityk Publicznych Uniwersytetu Ekonomicznego w Krakowie, ul. Rakowicka 16, biuro CPP czynne we wtorki i czwartki w godz. 8\u201316.","og_url":"https:\/\/politykipubliczne.pl\/en\/kontakt\/","og_site_name":"Centrum Polityk Publicznych UEK","article_publisher":"https:\/\/www.facebook.com\/CPPUEK","article_modified_time":"2025-10-29T10:35:25+00:00","og_image":[{"width":512,"height":512,"url":"https:\/\/politykipubliczne.pl\/wp-content\/uploads\/2020\/10\/CPP_ikona.png","type":"image\/png"}],"twitter_card":"summary_large_image","twitter_site":"@cppuek","twitter_misc":{"Estimated reading time":"1 minute"},"schema":{"@context":"https:\/\/schema.org","@graph":[{"@type":"WebPage","@id":"https:\/\/politykipubliczne.pl\/kontakt\/","url":"https:\/\/politykipubliczne.pl\/kontakt\/","name":"Kontakt - Centrum Polityk Publicznych UEK","isPartOf":{"@id":"https:\/\/politykipubliczne.pl\/#website"},"datePublished":"2020-06-26T20:54:01+00:00","dateModified":"2025-10-29T10:35:25+00:00","description":"Centrum Polityk Publicznych Uniwersytetu Ekonomicznego w Krakowie, ul. Rakowicka 16, biuro CPP czynne we wtorki i czwartki w godz. 8\u201316.","breadcrumb":{"@id":"https:\/\/politykipubliczne.pl\/kontakt\/#breadcrumb"},"inLanguage":"en-GB","potentialAction":[{"@type":"ReadAction","target":["https:\/\/politykipubliczne.pl\/kontakt\/"]}]},{"@type":"BreadcrumbList","@id":"https:\/\/politykipubliczne.pl\/kontakt\/#breadcrumb","itemListElement":[{"@type":"ListItem","position":1,"name":"Strona g\u0142\u00f3wna","item":"https:\/\/politykipubliczne.pl\/"},{"@type":"ListItem","position":2,"name":"Kontakt"}]},{"@type":"WebSite","@id":"https:\/\/politykipubliczne.pl\/#website","url":"https:\/\/politykipubliczne.pl\/","name":"Centrum Polityk Publicznych UEK","description":"Centrum Polityk Publicznych (CPP) jest akademickim o\u015brodkiem bada\u0144 podejmuj\u0105cym kluczowe problemy administracji publicznej, gospodarki publicznej oraz zarz\u0105dzania publicznego.","publisher":{"@id":"https:\/\/politykipubliczne.pl\/#organization"},"potentialAction":[{"@type":"SearchAction","target":{"@type":"EntryPoint","urlTemplate":"https:\/\/politykipubliczne.pl\/?s={search_term_string}"},"query-input":{"@type":"PropertyValueSpecification","valueRequired":true,"valueName":"search_term_string"}}],"inLanguage":"en-GB"},{"@type":"Organization","@id":"https:\/\/politykipubliczne.pl\/#organization","name":"Centrum Polityk Publicznych UEK","url":"https:\/\/politykipubliczne.pl\/","logo":{"@type":"ImageObject","inLanguage":"en-GB","@id":"https:\/\/politykipubliczne.pl\/#\/schema\/logo\/image\/","url":"https:\/\/politykipubliczne.pl\/wp-content\/uploads\/2020\/10\/CPP_ikona_2.png","contentUrl":"https:\/\/politykipubliczne.pl\/wp-content\/uploads\/2020\/10\/CPP_ikona_2.png","width":512,"height":512,"caption":"Centrum Polityk Publicznych UEK"},"image":{"@id":"https:\/\/politykipubliczne.pl\/#\/schema\/logo\/image\/"},"sameAs":["https:\/\/www.facebook.com\/CPPUEK","https:\/\/x.com\/cppuek","https:\/\/pl.wikipedia.org\/wiki\/Centrum_Polityk_Publicznych_Uniwersytetu_Ekonomicznego_w_Krakowie_(CPP_UEK)"]}]}},"_links":{"self":[{"href":"https:\/\/politykipubliczne.pl\/en\/wp-json\/wp\/v2\/pages\/8"}],"collection":[{"href":"https:\/\/politykipubliczne.pl\/en\/wp-json\/wp\/v2\/pages"}],"about":[{"href":"https:\/\/politykipubliczne.pl\/en\/wp-json\/wp\/v2\/types\/page"}],"author":[{"embeddable":true,"href":"https:\/\/politykipubliczne.pl\/en\/wp-json\/wp\/v2\/users\/1"}],"replies":[{"embeddable":true,"href":"https:\/\/politykipubliczne.pl\/en\/wp-json\/wp\/v2\/comments?post=8"}],"version-history":[{"count":23,"href":"https:\/\/politykipubliczne.pl\/en\/wp-json\/wp\/v2\/pages\/8\/revisions"}],"predecessor-version":[{"id":1819,"href":"https:\/\/politykipubliczne.pl\/en\/wp-json\/wp\/v2\/pages\/8\/revisions\/1819"}],"wp:attachment":[{"href":"https:\/\/politykipubliczne.pl\/en\/wp-json\/wp\/v2\/media?parent=8"}],"curies":[{"name":"wp","href":"https:\/\/api.w.org\/{rel}","templated":true}]}}