{"id":420,"date":"2020-10-27T01:19:55","date_gmt":"2020-10-27T00:19:55","guid":{"rendered":"http:\/\/politykipubliczne.pl\/?page_id=420"},"modified":"2026-03-06T09:13:40","modified_gmt":"2026-03-06T08:13:40","slug":"publikacje","status":"publish","type":"page","link":"https:\/\/politykipubliczne.pl\/en\/publikacje\/","title":{"rendered":"Publikacje"},"content":{"rendered":"","protected":false},"excerpt":{"rendered":"","protected":false},"author":1,"featured_media":0,"parent":0,"menu_order":0,"comment_status":"closed","ping_status":"closed","template":"page-publications.php","meta":{"_acf_changed":false,"_monsterinsights_skip_tracking":false,"_monsterinsights_sitenote_active":false,"_monsterinsights_sitenote_note":"","_monsterinsights_sitenote_category":0,"footnotes":""},"acf":[],"yoast_head":"<!-- This site is optimized with the Yoast SEO plugin v23.5 - https:\/\/yoast.com\/wordpress\/plugins\/seo\/ -->\n<title>Publikacje - Centrum Polityk Publicznych UEK<\/title>\n<meta name=\"description\" content=\"Publikacje CPP UEK to opracowania w obszarach: finanse, nauka i edukacja, samorz\u0105d terytorialny, \u015brodowisko i us\u0142ugi publiczne\" \/>\n<meta name=\"robots\" content=\"index, follow, max-snippet:-1, max-image-preview:large, max-video-preview:-1\" \/>\n<link rel=\"canonical\" href=\"https:\/\/politykipubliczne.pl\/en\/publikacje\/\" \/>\n<meta property=\"og:locale\" content=\"en_GB\" \/>\n<meta property=\"og:type\" content=\"article\" \/>\n<meta property=\"og:title\" content=\"Publikacje - Centrum Polityk Publicznych UEK\" \/>\n<meta property=\"og:description\" content=\"Publikacje CPP UEK to opracowania w obszarach: finanse, nauka i edukacja, samorz\u0105d terytorialny, \u015brodowisko i us\u0142ugi publiczne\" \/>\n<meta property=\"og:url\" content=\"https:\/\/politykipubliczne.pl\/en\/publikacje\/\" \/>\n<meta property=\"og:site_name\" content=\"Centrum Polityk Publicznych UEK\" \/>\n<meta property=\"article:publisher\" content=\"https:\/\/www.facebook.com\/CPPUEK\" \/>\n<meta property=\"article:modified_time\" content=\"2026-03-06T08:13:40+00:00\" \/>\n<meta property=\"og:image\" content=\"https:\/\/politykipubliczne.pl\/wp-content\/uploads\/2020\/10\/CPP_ikona.png\" \/>\n\t<meta property=\"og:image:width\" content=\"512\" \/>\n\t<meta property=\"og:image:height\" content=\"512\" \/>\n\t<meta property=\"og:image:type\" content=\"image\/png\" \/>\n<meta name=\"twitter:card\" content=\"summary_large_image\" \/>\n<meta name=\"twitter:site\" content=\"@cppuek\" \/>\n<script type=\"application\/ld+json\" class=\"yoast-schema-graph\">{\"@context\":\"https:\/\/schema.org\",\"@graph\":[{\"@type\":\"WebPage\",\"@id\":\"https:\/\/politykipubliczne.pl\/publikacje\/\",\"url\":\"https:\/\/politykipubliczne.pl\/publikacje\/\",\"name\":\"Publikacje - Centrum Polityk Publicznych UEK\",\"isPartOf\":{\"@id\":\"https:\/\/politykipubliczne.pl\/#website\"},\"datePublished\":\"2020-10-27T00:19:55+00:00\",\"dateModified\":\"2026-03-06T08:13:40+00:00\",\"description\":\"Publikacje CPP UEK to opracowania w obszarach: finanse, nauka i edukacja, samorz\u0105d terytorialny, \u015brodowisko i us\u0142ugi publiczne\",\"breadcrumb\":{\"@id\":\"https:\/\/politykipubliczne.pl\/publikacje\/#breadcrumb\"},\"inLanguage\":\"en-GB\",\"potentialAction\":[{\"@type\":\"ReadAction\",\"target\":[\"https:\/\/politykipubliczne.pl\/publikacje\/\"]}]},{\"@type\":\"BreadcrumbList\",\"@id\":\"https:\/\/politykipubliczne.pl\/publikacje\/#breadcrumb\",\"itemListElement\":[{\"@type\":\"ListItem\",\"position\":1,\"name\":\"Strona g\u0142\u00f3wna\",\"item\":\"https:\/\/politykipubliczne.pl\/\"},{\"@type\":\"ListItem\",\"position\":2,\"name\":\"Publikacje\"}]},{\"@type\":\"WebSite\",\"@id\":\"https:\/\/politykipubliczne.pl\/#website\",\"url\":\"https:\/\/politykipubliczne.pl\/\",\"name\":\"Centrum Polityk Publicznych UEK\",\"description\":\"Centrum Polityk Publicznych (CPP) jest akademickim o\u015brodkiem bada\u0144 podejmuj\u0105cym kluczowe problemy administracji publicznej, gospodarki publicznej oraz zarz\u0105dzania publicznego.\",\"publisher\":{\"@id\":\"https:\/\/politykipubliczne.pl\/#organization\"},\"potentialAction\":[{\"@type\":\"SearchAction\",\"target\":{\"@type\":\"EntryPoint\",\"urlTemplate\":\"https:\/\/politykipubliczne.pl\/?s={search_term_string}\"},\"query-input\":{\"@type\":\"PropertyValueSpecification\",\"valueRequired\":true,\"valueName\":\"search_term_string\"}}],\"inLanguage\":\"en-GB\"},{\"@type\":\"Organization\",\"@id\":\"https:\/\/politykipubliczne.pl\/#organization\",\"name\":\"Centrum Polityk Publicznych UEK\",\"url\":\"https:\/\/politykipubliczne.pl\/\",\"logo\":{\"@type\":\"ImageObject\",\"inLanguage\":\"en-GB\",\"@id\":\"https:\/\/politykipubliczne.pl\/#\/schema\/logo\/image\/\",\"url\":\"https:\/\/politykipubliczne.pl\/wp-content\/uploads\/2020\/10\/CPP_ikona_2.png\",\"contentUrl\":\"https:\/\/politykipubliczne.pl\/wp-content\/uploads\/2020\/10\/CPP_ikona_2.png\",\"width\":512,\"height\":512,\"caption\":\"Centrum Polityk Publicznych UEK\"},\"image\":{\"@id\":\"https:\/\/politykipubliczne.pl\/#\/schema\/logo\/image\/\"},\"sameAs\":[\"https:\/\/www.facebook.com\/CPPUEK\",\"https:\/\/x.com\/cppuek\",\"https:\/\/pl.wikipedia.org\/wiki\/Centrum_Polityk_Publicznych_Uniwersytetu_Ekonomicznego_w_Krakowie_(CPP_UEK)\"]}]}<\/script>\n<!-- \/ Yoast SEO plugin. -->","yoast_head_json":{"title":"Publikacje - Centrum Polityk Publicznych UEK","description":"Publikacje CPP UEK to opracowania w obszarach: finanse, nauka i edukacja, samorz\u0105d terytorialny, \u015brodowisko i us\u0142ugi publiczne","robots":{"index":"index","follow":"follow","max-snippet":"max-snippet:-1","max-image-preview":"max-image-preview:large","max-video-preview":"max-video-preview:-1"},"canonical":"https:\/\/politykipubliczne.pl\/en\/publikacje\/","og_locale":"en_GB","og_type":"article","og_title":"Publikacje - Centrum Polityk Publicznych UEK","og_description":"Publikacje CPP UEK to opracowania w obszarach: finanse, nauka i edukacja, samorz\u0105d terytorialny, \u015brodowisko i us\u0142ugi publiczne","og_url":"https:\/\/politykipubliczne.pl\/en\/publikacje\/","og_site_name":"Centrum Polityk Publicznych UEK","article_publisher":"https:\/\/www.facebook.com\/CPPUEK","article_modified_time":"2026-03-06T08:13:40+00:00","og_image":[{"width":512,"height":512,"url":"https:\/\/politykipubliczne.pl\/wp-content\/uploads\/2020\/10\/CPP_ikona.png","type":"image\/png"}],"twitter_card":"summary_large_image","twitter_site":"@cppuek","schema":{"@context":"https:\/\/schema.org","@graph":[{"@type":"WebPage","@id":"https:\/\/politykipubliczne.pl\/publikacje\/","url":"https:\/\/politykipubliczne.pl\/publikacje\/","name":"Publikacje - Centrum Polityk Publicznych UEK","isPartOf":{"@id":"https:\/\/politykipubliczne.pl\/#website"},"datePublished":"2020-10-27T00:19:55+00:00","dateModified":"2026-03-06T08:13:40+00:00","description":"Publikacje CPP UEK to opracowania w obszarach: finanse, nauka i edukacja, samorz\u0105d terytorialny, \u015brodowisko i us\u0142ugi publiczne","breadcrumb":{"@id":"https:\/\/politykipubliczne.pl\/publikacje\/#breadcrumb"},"inLanguage":"en-GB","potentialAction":[{"@type":"ReadAction","target":["https:\/\/politykipubliczne.pl\/publikacje\/"]}]},{"@type":"BreadcrumbList","@id":"https:\/\/politykipubliczne.pl\/publikacje\/#breadcrumb","itemListElement":[{"@type":"ListItem","position":1,"name":"Strona g\u0142\u00f3wna","item":"https:\/\/politykipubliczne.pl\/"},{"@type":"ListItem","position":2,"name":"Publikacje"}]},{"@type":"WebSite","@id":"https:\/\/politykipubliczne.pl\/#website","url":"https:\/\/politykipubliczne.pl\/","name":"Centrum Polityk Publicznych UEK","description":"Centrum Polityk Publicznych (CPP) jest akademickim o\u015brodkiem bada\u0144 podejmuj\u0105cym kluczowe problemy administracji publicznej, gospodarki publicznej oraz zarz\u0105dzania publicznego.","publisher":{"@id":"https:\/\/politykipubliczne.pl\/#organization"},"potentialAction":[{"@type":"SearchAction","target":{"@type":"EntryPoint","urlTemplate":"https:\/\/politykipubliczne.pl\/?s={search_term_string}"},"query-input":{"@type":"PropertyValueSpecification","valueRequired":true,"valueName":"search_term_string"}}],"inLanguage":"en-GB"},{"@type":"Organization","@id":"https:\/\/politykipubliczne.pl\/#organization","name":"Centrum Polityk Publicznych UEK","url":"https:\/\/politykipubliczne.pl\/","logo":{"@type":"ImageObject","inLanguage":"en-GB","@id":"https:\/\/politykipubliczne.pl\/#\/schema\/logo\/image\/","url":"https:\/\/politykipubliczne.pl\/wp-content\/uploads\/2020\/10\/CPP_ikona_2.png","contentUrl":"https:\/\/politykipubliczne.pl\/wp-content\/uploads\/2020\/10\/CPP_ikona_2.png","width":512,"height":512,"caption":"Centrum Polityk Publicznych UEK"},"image":{"@id":"https:\/\/politykipubliczne.pl\/#\/schema\/logo\/image\/"},"sameAs":["https:\/\/www.facebook.com\/CPPUEK","https:\/\/x.com\/cppuek","https:\/\/pl.wikipedia.org\/wiki\/Centrum_Polityk_Publicznych_Uniwersytetu_Ekonomicznego_w_Krakowie_(CPP_UEK)"]}]}},"_links":{"self":[{"href":"https:\/\/politykipubliczne.pl\/en\/wp-json\/wp\/v2\/pages\/420"}],"collection":[{"href":"https:\/\/politykipubliczne.pl\/en\/wp-json\/wp\/v2\/pages"}],"about":[{"href":"https:\/\/politykipubliczne.pl\/en\/wp-json\/wp\/v2\/types\/page"}],"author":[{"embeddable":true,"href":"https:\/\/politykipubliczne.pl\/en\/wp-json\/wp\/v2\/users\/1"}],"replies":[{"embeddable":true,"href":"https:\/\/politykipubliczne.pl\/en\/wp-json\/wp\/v2\/comments?post=420"}],"version-history":[{"count":8,"href":"https:\/\/politykipubliczne.pl\/en\/wp-json\/wp\/v2\/pages\/420\/revisions"}],"predecessor-version":[{"id":922,"href":"https:\/\/politykipubliczne.pl\/en\/wp-json\/wp\/v2\/pages\/420\/revisions\/922"}],"wp:attachment":[{"href":"https:\/\/politykipubliczne.pl\/en\/wp-json\/wp\/v2\/media?parent=420"}],"curies":[{"name":"wp","href":"https:\/\/api.w.org\/{rel}","templated":true}]}}