{"id":239,"date":"2020-10-20T15:19:27","date_gmt":"2020-10-20T13:19:27","guid":{"rendered":"http:\/\/politykipubliczne.pl\/?page_id=239"},"modified":"2021-03-17T12:11:38","modified_gmt":"2021-03-17T11:11:38","slug":"obszary-badawcze","status":"publish","type":"page","link":"https:\/\/politykipubliczne.pl\/en\/obszary-badawcze\/","title":{"rendered":"Obszary badawcze"},"content":{"rendered":"<hr \/>\n<h3><img loading=\"lazy\" decoding=\"async\" class=\"alignnone wp-image-361\" src=\"http:\/\/politykipubliczne.pl\/wp-content\/uploads\/2020\/10\/grupy_gray.png\" alt=\"\" width=\"28\" height=\"29\" \/> <span style=\"color: #2bad00;\">Kategoryzacja gmin w perspektywie optymalizacji polityk publicznych<\/span><\/h3>\n<p>Celem prac zespo\u0142u jest przeanalizowanie koncepcji kategoryzacji gmin jako narz\u0119dzia pozwalaj\u0105cego na optymalizacj\u0119 polityk publicznych i ich analiz\u0119 pod k\u0105tem terytorialnego zr\u00f3\u017cnicowania dost\u0119pu do us\u0142ug publicznych. Prace koncentruj\u0105 si\u0119 na kilku wybranych \u2013 szczeg\u00f3lnie istotnych \u2013 zagadnieniach, takich jak funkcje dawnych o\u015brodk\u00f3w wojew\u00f3dzkich i innych miast subregionalnych, zr\u00f3\u017cnicowanie us\u0142ug publicznych z miastach powiatowych, rola miast w powiatach okalaj\u0105cych du\u017ce miasta i zr\u00f3\u017cnicowanie funkcji gmin podmiejskich. Efektem prac zespo\u0142u b\u0119dzie rekomendacja dotycz\u0105ca rozwi\u0105za\u0144 porz\u0105dkuj\u0105cych postrzeganie roli poszczeg\u00f3lnych o\u015brodk\u00f3w przez instytucje publiczne odpowiedzialne za formu\u0142owanie polityk publicznych na poziomie centralnym i regionalnym.<\/p>\n<p>&nbsp;<\/p>\n<hr \/>\n<h3><img loading=\"lazy\" decoding=\"async\" class=\"alignnone wp-image-836\" src=\"https:\/\/politykipubliczne.pl\/wp-content\/uploads\/2021\/02\/handshake_zespol-1.png\" alt=\"\" width=\"36\" height=\"36\" srcset=\"https:\/\/politykipubliczne.pl\/wp-content\/uploads\/2021\/02\/handshake_zespol-1.png 250w, https:\/\/politykipubliczne.pl\/wp-content\/uploads\/2021\/02\/handshake_zespol-1-150x150.png 150w, https:\/\/politykipubliczne.pl\/wp-content\/uploads\/2021\/02\/handshake_zespol-1-12x12.png 12w\" sizes=\"(max-width: 36px) 100vw, 36px\" \/><span style=\"color: #2bad00;\"> Polska a globalne relacje gospodarcze<\/span><\/h3>\n<p>Prace zespo\u0142u koncentruj\u0105 si\u0119 wok\u00f3\u0142 aktualnych wyzwa\u0144 stoj\u0105cych przed politykami publicznymi w Polsce w kontek\u015bcie mi\u0119dzynarodowych powi\u0105za\u0144. Celem prowadzonych bada\u0144\/dzia\u0142a\u0144 jest aktywny udzia\u0142 w debacie publicznej na temat mi\u0119dzynarodowych uwarunkowa\u0144 rozwoju Polski i jej polityki zagranicznej. Zamierzeniem zespo\u0142u jest sta\u0142e identyfikowanie i analiza wa\u017cnych, ale cz\u0119sto niszowych obszar\u00f3w zwi\u0105zanych z globalnymi relacjami gospodarczymi i polsk\u0105 dyplomacj\u0105 gospodarcz\u0105. Opracowywane ekspertyzy dotycz\u0105 m.in. takich zagadnie\u0144, jak relokacja zagranicznych pracownik\u00f3w sektora IT do Polski czy promocja technologii w krajach Europy Wschodniej.<br \/>\nDotychczasowe analizy podkre\u015blaj\u0105 konieczno\u015b\u0107 skupienia si\u0119 na \u015bcis\u0142ym powi\u0105zaniu zada\u0144 pa\u0144stwa na arenie mi\u0119dzynarodowej z dynamik\u0105 jego rozwoju gospodarczego i spo\u0142ecznego. Prace badawcze zespo\u0142u koncentruj\u0105 si\u0119 na systemie dzia\u0142a\u0144 pa\u0144stwa w zakresie dyplomacji gospodarczej &#8211; jako z\u0142o\u017conego mechanizmu wsp\u00f3\u0142dzia\u0142ania instytucji pa\u0144stwa na r\u00f3\u017cnych szczeblach we wsp\u00f3\u0142pracy z podmiotami niepa\u0144stwowymi, np. prywatnym biznesem. Wa\u017cnym aspektem prac jest problematyka bezpiecze\u0144stwa gospodarczego Polski. W tym kontek\u015bcie szczeg\u00f3lnie istotne s\u0105 nast\u0119puj\u0105ce zagadnienia: wyzwania energetyczne Polski, globalne procesy gospodarcze i integracyjne.<\/p>\n<p>&nbsp;<\/p>\n<hr \/>\n<h3><img loading=\"lazy\" decoding=\"async\" class=\"alignnone wp-image-363\" src=\"http:\/\/politykipubliczne.pl\/wp-content\/uploads\/2020\/10\/kula_gray.png\" alt=\"\" width=\"35\" height=\"30\" \/><span style=\"color: #2bad00;\">Regionalne Sieci Adaptacji<\/span><\/h3>\n<p>Zesp\u00f3\u0142 ds. Regionalnych Sieci Adaptacji (RSA) powsta\u0142 w zwi\u0105zku ze skomplikowan\u0105 sytuacj\u0105 spo\u0142eczno-gospodarcz\u0105 w kraju i na \u015bwiecie wywo\u0142an\u0105 pandemi\u0105 COVID-19. Skala problemu uwydatni\u0142a niedostatki systemu zarz\u0105dzania kryzysowego oraz ograniczenia funkcjonalne mo\u017cliwo\u015bci dzia\u0142ania pa\u0144stwa i jego agend. System zarz\u0105dzania kryzysowego okaza\u0142 si\u0119 zbyt ma\u0142o elastyczny oraz niewystarczaj\u0105co sprawny. Ujawni\u0142y si\u0119 deficyty systemu w zakresie aktualnej informacji o sytuacji w lokalnych spo\u0142eczno\u015bciach, o bie\u017c\u0105cych potrzebach oraz mo\u017cliwo\u015bciach dostarczenia odpowiedniego, szybkiego wsparcia tym, kt\u00f3rzy go najbardziej potrzebuj\u0105. Ponadto taki system nie ma zdolno\u015bci do inicjowania lokalnych, obywatelskich lub s\u0105siedzkich form samoorganizacji i pomocy, a takie wsparcie, zw\u0142aszcza w pierwszej fazie lockdownu, by\u0142o niezwykle wa\u017cne. RSA stanowi\u0105 odpowied\u017a na zidentyfikowane wady rz\u0105dowego Systemu Zarz\u0105dzania Kryzysowego (SZK) \u2013 poprzez wzmocnienie jego elastyczno\u015bci, zdolno\u015bci do reagowania na cechuj\u0105ce si\u0119 wysok\u0105 dynamik\u0105 i zmienno\u015bci\u0105 stany zagro\u017ce\u0144 oraz sytuacje kryzysowe. Zarazem s\u0142u\u017c\u0105 one rozwijaniu aktywno\u015bci obywatelskiej, integracji wiedzy lokalnej, uruchamianiu wsp\u00f3\u0142dzia\u0142ania mi\u0119dzy podmiotami z r\u00f3\u017cnych sektor\u00f3w &#8211; w imi\u0119 troski o \u017cycie i dobrostan mieszka\u0144c\u00f3w i wsp\u00f3lnot lokalnych.<\/p>\n<p>&nbsp;<\/p>\n<hr \/>\n<h3><img loading=\"lazy\" decoding=\"async\" class=\"alignnone wp-image-362\" src=\"http:\/\/politykipubliczne.pl\/wp-content\/uploads\/2020\/10\/korona_gray.png\" alt=\"\" width=\"32\" height=\"34\" \/> <span style=\"color: #2bad00;\">Zesp\u00f3\u0142 ds. skutk\u00f3w COVID-19<\/span><\/h3>\n<p>G\u0142\u00f3wnym celem prac zespo\u0142u jest przygotowanie propozycji rozwi\u0105za\u0144 dla decydent\u00f3w publicznych dotycz\u0105cych prowadzenia polityki pa\u0144stwa w czasie pandemii COVID-19. Zesp\u00f3\u0142 zajmuje si\u0119 analiz\u0105 wska\u017anik\u00f3w gospodarczo-spo\u0142ecznych w celu skonstruowania tzw. modelu restrykcji, kt\u00f3ry pozwoli na wypracowanie procedur podejmowania decyzji, a w efekcie projektowanie polityk publicznych.<\/p>\n<p>&nbsp;<\/p>\n<hr \/>\n<h3><img loading=\"lazy\" decoding=\"async\" class=\"alignnone wp-image-364\" src=\"http:\/\/politykipubliczne.pl\/wp-content\/uploads\/2020\/10\/lupa_gray.png\" alt=\"\" width=\"32\" height=\"32\" \/>\u00a0<span style=\"color: #2bad00;\">Zmiana w politykach publicznych. Analiza procesu<\/span><\/h3>\n<p>Przedmiotem prac zespo\u0142u jest analiza procesu zmiany polityk publicznych, badaj\u0105ca zar\u00f3wno proces formu\u0142owania jej przes\u0142anek, mechanizmy decyzyjne przes\u0105dzaj\u0105ce o kszta\u0142cie zmiany oraz procesy wdra\u017cania i ewaluacji. Celem bada\u0144 i analiz jest propozycja optymalizacji mechanizm\u00f3w wsparcia eksperckiego na etapie przygotowania i negocjowania zakresu zmiany, a tak\u017ce prowadzenia przez instytucje akademickie i eksperckie procedur ewaluacji skutk\u00f3w zmian. Przedmiotem zainteresowa\u0144 zespo\u0142u jest te\u017c przestrze\u0144 debaty o politykach publicznych oraz mechanizmy brania pod uwag\u0119 przez w\u0142adze r\u00f3\u017cnych szczebli formu\u0142owanych w jej trakcie opinii i rekomendacji.<\/p>\n<h3><\/h3>","protected":false},"excerpt":{"rendered":"<p>Kategoryzacja gmin w perspektywie optymalizacji polityk publicznych Celem prac zespo\u0142u jest przeanalizowanie koncepcji kategoryzacji gmin jako narz\u0119dzia pozwalaj\u0105cego na optymalizacj\u0119 polityk publicznych i ich analiz\u0119 pod k\u0105tem terytorialnego zr\u00f3\u017cnicowania dost\u0119pu do us\u0142ug publicznych. Prace koncentruj\u0105 si\u0119 na kilku wybranych \u2013 szczeg\u00f3lnie istotnych \u2013 zagadnieniach, takich jak funkcje dawnych o\u015brodk\u00f3w wojew\u00f3dzkich i innych miast subregionalnych, zr\u00f3\u017cnicowanie [&hellip;]<\/p>\n","protected":false},"author":3,"featured_media":0,"parent":0,"menu_order":0,"comment_status":"closed","ping_status":"closed","template":"","meta":{"_acf_changed":false,"_monsterinsights_skip_tracking":false,"_monsterinsights_sitenote_active":false,"_monsterinsights_sitenote_note":"","_monsterinsights_sitenote_category":0,"footnotes":""},"acf":[],"yoast_head":"<!-- This site is optimized with the Yoast SEO plugin v23.5 - https:\/\/yoast.com\/wordpress\/plugins\/seo\/ -->\n<title>Obszary badawcze - Centrum Polityk Publicznych UEK<\/title>\n<meta name=\"description\" content=\"Prace zespo\u0142\u00f3w eksperckich prowadzone s\u0105 w ramach okre\u015blnonych obszar\u00f3w badawczych podjemuj\u0105cych kluczowe zagadnienia\" \/>\n<meta name=\"robots\" content=\"index, follow, max-snippet:-1, max-image-preview:large, max-video-preview:-1\" \/>\n<link rel=\"canonical\" href=\"https:\/\/politykipubliczne.pl\/en\/obszary-badawcze\/\" \/>\n<meta property=\"og:locale\" content=\"en_GB\" \/>\n<meta property=\"og:type\" content=\"article\" \/>\n<meta property=\"og:title\" content=\"Obszary badawcze - Centrum Polityk Publicznych UEK\" \/>\n<meta property=\"og:description\" content=\"Prace zespo\u0142\u00f3w eksperckich prowadzone s\u0105 w ramach okre\u015blnonych obszar\u00f3w badawczych podjemuj\u0105cych kluczowe zagadnienia\" \/>\n<meta property=\"og:url\" content=\"https:\/\/politykipubliczne.pl\/en\/obszary-badawcze\/\" \/>\n<meta property=\"og:site_name\" content=\"Centrum Polityk Publicznych UEK\" \/>\n<meta property=\"article:publisher\" content=\"https:\/\/www.facebook.com\/CPPUEK\" \/>\n<meta property=\"article:modified_time\" content=\"2021-03-17T11:11:38+00:00\" \/>\n<meta property=\"og:image\" content=\"http:\/\/politykipubliczne.pl\/wp-content\/uploads\/2020\/10\/grupy_gray.png\" \/>\n<meta name=\"twitter:card\" content=\"summary_large_image\" \/>\n<meta name=\"twitter:site\" content=\"@cppuek\" \/>\n<meta name=\"twitter:label1\" content=\"Estimated reading time\" \/>\n\t<meta name=\"twitter:data1\" content=\"4 minutes\" \/>\n<script type=\"application\/ld+json\" class=\"yoast-schema-graph\">{\"@context\":\"https:\/\/schema.org\",\"@graph\":[{\"@type\":\"WebPage\",\"@id\":\"https:\/\/politykipubliczne.pl\/obszary-badawcze\/\",\"url\":\"https:\/\/politykipubliczne.pl\/obszary-badawcze\/\",\"name\":\"Obszary badawcze - Centrum Polityk Publicznych UEK\",\"isPartOf\":{\"@id\":\"https:\/\/politykipubliczne.pl\/#website\"},\"primaryImageOfPage\":{\"@id\":\"https:\/\/politykipubliczne.pl\/obszary-badawcze\/#primaryimage\"},\"image\":{\"@id\":\"https:\/\/politykipubliczne.pl\/obszary-badawcze\/#primaryimage\"},\"thumbnailUrl\":\"http:\/\/politykipubliczne.pl\/wp-content\/uploads\/2020\/10\/grupy_gray.png\",\"datePublished\":\"2020-10-20T13:19:27+00:00\",\"dateModified\":\"2021-03-17T11:11:38+00:00\",\"description\":\"Prace zespo\u0142\u00f3w eksperckich prowadzone s\u0105 w ramach okre\u015blnonych obszar\u00f3w badawczych podjemuj\u0105cych kluczowe zagadnienia\",\"breadcrumb\":{\"@id\":\"https:\/\/politykipubliczne.pl\/obszary-badawcze\/#breadcrumb\"},\"inLanguage\":\"en-GB\",\"potentialAction\":[{\"@type\":\"ReadAction\",\"target\":[\"https:\/\/politykipubliczne.pl\/obszary-badawcze\/\"]}]},{\"@type\":\"ImageObject\",\"inLanguage\":\"en-GB\",\"@id\":\"https:\/\/politykipubliczne.pl\/obszary-badawcze\/#primaryimage\",\"url\":\"http:\/\/politykipubliczne.pl\/wp-content\/uploads\/2020\/10\/grupy_gray.png\",\"contentUrl\":\"http:\/\/politykipubliczne.pl\/wp-content\/uploads\/2020\/10\/grupy_gray.png\"},{\"@type\":\"BreadcrumbList\",\"@id\":\"https:\/\/politykipubliczne.pl\/obszary-badawcze\/#breadcrumb\",\"itemListElement\":[{\"@type\":\"ListItem\",\"position\":1,\"name\":\"Strona g\u0142\u00f3wna\",\"item\":\"https:\/\/politykipubliczne.pl\/\"},{\"@type\":\"ListItem\",\"position\":2,\"name\":\"Obszary badawcze\"}]},{\"@type\":\"WebSite\",\"@id\":\"https:\/\/politykipubliczne.pl\/#website\",\"url\":\"https:\/\/politykipubliczne.pl\/\",\"name\":\"Centrum Polityk Publicznych UEK\",\"description\":\"Centrum Polityk Publicznych (CPP) jest akademickim o\u015brodkiem bada\u0144 podejmuj\u0105cym kluczowe problemy administracji publicznej, gospodarki publicznej oraz zarz\u0105dzania publicznego.\",\"publisher\":{\"@id\":\"https:\/\/politykipubliczne.pl\/#organization\"},\"potentialAction\":[{\"@type\":\"SearchAction\",\"target\":{\"@type\":\"EntryPoint\",\"urlTemplate\":\"https:\/\/politykipubliczne.pl\/?s={search_term_string}\"},\"query-input\":{\"@type\":\"PropertyValueSpecification\",\"valueRequired\":true,\"valueName\":\"search_term_string\"}}],\"inLanguage\":\"en-GB\"},{\"@type\":\"Organization\",\"@id\":\"https:\/\/politykipubliczne.pl\/#organization\",\"name\":\"Centrum Polityk Publicznych UEK\",\"url\":\"https:\/\/politykipubliczne.pl\/\",\"logo\":{\"@type\":\"ImageObject\",\"inLanguage\":\"en-GB\",\"@id\":\"https:\/\/politykipubliczne.pl\/#\/schema\/logo\/image\/\",\"url\":\"https:\/\/politykipubliczne.pl\/wp-content\/uploads\/2020\/10\/CPP_ikona_2.png\",\"contentUrl\":\"https:\/\/politykipubliczne.pl\/wp-content\/uploads\/2020\/10\/CPP_ikona_2.png\",\"width\":512,\"height\":512,\"caption\":\"Centrum Polityk Publicznych UEK\"},\"image\":{\"@id\":\"https:\/\/politykipubliczne.pl\/#\/schema\/logo\/image\/\"},\"sameAs\":[\"https:\/\/www.facebook.com\/CPPUEK\",\"https:\/\/x.com\/cppuek\",\"https:\/\/pl.wikipedia.org\/wiki\/Centrum_Polityk_Publicznych_Uniwersytetu_Ekonomicznego_w_Krakowie_(CPP_UEK)\"]}]}<\/script>\n<!-- \/ Yoast SEO plugin. -->","yoast_head_json":{"title":"Obszary badawcze - Centrum Polityk Publicznych UEK","description":"Prace zespo\u0142\u00f3w eksperckich prowadzone s\u0105 w ramach okre\u015blnonych obszar\u00f3w badawczych podjemuj\u0105cych kluczowe zagadnienia","robots":{"index":"index","follow":"follow","max-snippet":"max-snippet:-1","max-image-preview":"max-image-preview:large","max-video-preview":"max-video-preview:-1"},"canonical":"https:\/\/politykipubliczne.pl\/en\/obszary-badawcze\/","og_locale":"en_GB","og_type":"article","og_title":"Obszary badawcze - Centrum Polityk Publicznych UEK","og_description":"Prace zespo\u0142\u00f3w eksperckich prowadzone s\u0105 w ramach okre\u015blnonych obszar\u00f3w badawczych podjemuj\u0105cych kluczowe zagadnienia","og_url":"https:\/\/politykipubliczne.pl\/en\/obszary-badawcze\/","og_site_name":"Centrum Polityk Publicznych UEK","article_publisher":"https:\/\/www.facebook.com\/CPPUEK","article_modified_time":"2021-03-17T11:11:38+00:00","og_image":[{"url":"http:\/\/politykipubliczne.pl\/wp-content\/uploads\/2020\/10\/grupy_gray.png"}],"twitter_card":"summary_large_image","twitter_site":"@cppuek","twitter_misc":{"Estimated reading time":"4 minutes"},"schema":{"@context":"https:\/\/schema.org","@graph":[{"@type":"WebPage","@id":"https:\/\/politykipubliczne.pl\/obszary-badawcze\/","url":"https:\/\/politykipubliczne.pl\/obszary-badawcze\/","name":"Obszary badawcze - Centrum Polityk Publicznych UEK","isPartOf":{"@id":"https:\/\/politykipubliczne.pl\/#website"},"primaryImageOfPage":{"@id":"https:\/\/politykipubliczne.pl\/obszary-badawcze\/#primaryimage"},"image":{"@id":"https:\/\/politykipubliczne.pl\/obszary-badawcze\/#primaryimage"},"thumbnailUrl":"http:\/\/politykipubliczne.pl\/wp-content\/uploads\/2020\/10\/grupy_gray.png","datePublished":"2020-10-20T13:19:27+00:00","dateModified":"2021-03-17T11:11:38+00:00","description":"Prace zespo\u0142\u00f3w eksperckich prowadzone s\u0105 w ramach okre\u015blnonych obszar\u00f3w badawczych podjemuj\u0105cych kluczowe zagadnienia","breadcrumb":{"@id":"https:\/\/politykipubliczne.pl\/obszary-badawcze\/#breadcrumb"},"inLanguage":"en-GB","potentialAction":[{"@type":"ReadAction","target":["https:\/\/politykipubliczne.pl\/obszary-badawcze\/"]}]},{"@type":"ImageObject","inLanguage":"en-GB","@id":"https:\/\/politykipubliczne.pl\/obszary-badawcze\/#primaryimage","url":"http:\/\/politykipubliczne.pl\/wp-content\/uploads\/2020\/10\/grupy_gray.png","contentUrl":"http:\/\/politykipubliczne.pl\/wp-content\/uploads\/2020\/10\/grupy_gray.png"},{"@type":"BreadcrumbList","@id":"https:\/\/politykipubliczne.pl\/obszary-badawcze\/#breadcrumb","itemListElement":[{"@type":"ListItem","position":1,"name":"Strona g\u0142\u00f3wna","item":"https:\/\/politykipubliczne.pl\/"},{"@type":"ListItem","position":2,"name":"Obszary badawcze"}]},{"@type":"WebSite","@id":"https:\/\/politykipubliczne.pl\/#website","url":"https:\/\/politykipubliczne.pl\/","name":"Centrum Polityk Publicznych UEK","description":"Centrum Polityk Publicznych (CPP) jest akademickim o\u015brodkiem bada\u0144 podejmuj\u0105cym kluczowe problemy administracji publicznej, gospodarki publicznej oraz zarz\u0105dzania publicznego.","publisher":{"@id":"https:\/\/politykipubliczne.pl\/#organization"},"potentialAction":[{"@type":"SearchAction","target":{"@type":"EntryPoint","urlTemplate":"https:\/\/politykipubliczne.pl\/?s={search_term_string}"},"query-input":{"@type":"PropertyValueSpecification","valueRequired":true,"valueName":"search_term_string"}}],"inLanguage":"en-GB"},{"@type":"Organization","@id":"https:\/\/politykipubliczne.pl\/#organization","name":"Centrum Polityk Publicznych UEK","url":"https:\/\/politykipubliczne.pl\/","logo":{"@type":"ImageObject","inLanguage":"en-GB","@id":"https:\/\/politykipubliczne.pl\/#\/schema\/logo\/image\/","url":"https:\/\/politykipubliczne.pl\/wp-content\/uploads\/2020\/10\/CPP_ikona_2.png","contentUrl":"https:\/\/politykipubliczne.pl\/wp-content\/uploads\/2020\/10\/CPP_ikona_2.png","width":512,"height":512,"caption":"Centrum Polityk Publicznych UEK"},"image":{"@id":"https:\/\/politykipubliczne.pl\/#\/schema\/logo\/image\/"},"sameAs":["https:\/\/www.facebook.com\/CPPUEK","https:\/\/x.com\/cppuek","https:\/\/pl.wikipedia.org\/wiki\/Centrum_Polityk_Publicznych_Uniwersytetu_Ekonomicznego_w_Krakowie_(CPP_UEK)"]}]}},"_links":{"self":[{"href":"https:\/\/politykipubliczne.pl\/en\/wp-json\/wp\/v2\/pages\/239"}],"collection":[{"href":"https:\/\/politykipubliczne.pl\/en\/wp-json\/wp\/v2\/pages"}],"about":[{"href":"https:\/\/politykipubliczne.pl\/en\/wp-json\/wp\/v2\/types\/page"}],"author":[{"embeddable":true,"href":"https:\/\/politykipubliczne.pl\/en\/wp-json\/wp\/v2\/users\/3"}],"replies":[{"embeddable":true,"href":"https:\/\/politykipubliczne.pl\/en\/wp-json\/wp\/v2\/comments?post=239"}],"version-history":[{"count":23,"href":"https:\/\/politykipubliczne.pl\/en\/wp-json\/wp\/v2\/pages\/239\/revisions"}],"predecessor-version":[{"id":919,"href":"https:\/\/politykipubliczne.pl\/en\/wp-json\/wp\/v2\/pages\/239\/revisions\/919"}],"wp:attachment":[{"href":"https:\/\/politykipubliczne.pl\/en\/wp-json\/wp\/v2\/media?parent=239"}],"curies":[{"name":"wp","href":"https:\/\/api.w.org\/{rel}","templated":true}]}}