{"id":206,"date":"2020-10-15T03:08:21","date_gmt":"2020-10-15T01:08:21","guid":{"rendered":"http:\/\/politykipubliczne.pl\/?page_id=206"},"modified":"2021-03-17T12:16:40","modified_gmt":"2021-03-17T11:16:40","slug":"zespol","status":"publish","type":"page","link":"https:\/\/politykipubliczne.pl\/en\/zespol\/","title":{"rendered":"Zesp\u00f3\u0142"},"content":{"rendered":"","protected":false},"excerpt":{"rendered":"","protected":false},"author":1,"featured_media":0,"parent":0,"menu_order":0,"comment_status":"closed","ping_status":"closed","template":"page-teamkopia.php","meta":{"_acf_changed":false,"_monsterinsights_skip_tracking":false,"_monsterinsights_sitenote_active":false,"_monsterinsights_sitenote_note":"","_monsterinsights_sitenote_category":0,"footnotes":""},"acf":[],"yoast_head":"<!-- This site is optimized with the Yoast SEO plugin v23.5 - https:\/\/yoast.com\/wordpress\/plugins\/seo\/ -->\n<title>Zesp\u00f3\u0142 - Centrum Polityk Publicznych UEK<\/title>\n<meta name=\"description\" content=\"Zesp\u00f3\u0142 CPP sklada si\u0119 z ekspert\u00f3w kt\u00f3rzy wsp\u00f3\u0142pracuj\u0105 z wiod\u0105cymi krajowymi i mi\u0119dzynarodowymi o\u015brodkami badawczymi\" \/>\n<meta name=\"robots\" content=\"index, follow, max-snippet:-1, max-image-preview:large, max-video-preview:-1\" \/>\n<link rel=\"canonical\" href=\"https:\/\/politykipubliczne.pl\/en\/zespol\/\" \/>\n<meta property=\"og:locale\" content=\"en_GB\" \/>\n<meta property=\"og:type\" content=\"article\" \/>\n<meta property=\"og:title\" content=\"Zesp\u00f3\u0142 - Centrum Polityk Publicznych UEK\" \/>\n<meta property=\"og:description\" content=\"Zesp\u00f3\u0142 CPP sklada si\u0119 z ekspert\u00f3w kt\u00f3rzy wsp\u00f3\u0142pracuj\u0105 z wiod\u0105cymi krajowymi i mi\u0119dzynarodowymi o\u015brodkami badawczymi\" \/>\n<meta property=\"og:url\" content=\"https:\/\/politykipubliczne.pl\/en\/zespol\/\" \/>\n<meta property=\"og:site_name\" content=\"Centrum Polityk Publicznych UEK\" \/>\n<meta property=\"article:publisher\" content=\"https:\/\/www.facebook.com\/CPPUEK\" \/>\n<meta property=\"article:modified_time\" content=\"2021-03-17T11:16:40+00:00\" \/>\n<meta property=\"og:image\" content=\"https:\/\/politykipubliczne.pl\/wp-content\/uploads\/2020\/10\/CPP_ikona.png\" \/>\n\t<meta property=\"og:image:width\" content=\"512\" \/>\n\t<meta property=\"og:image:height\" content=\"512\" \/>\n\t<meta property=\"og:image:type\" content=\"image\/png\" \/>\n<meta name=\"twitter:card\" content=\"summary_large_image\" \/>\n<meta name=\"twitter:site\" content=\"@cppuek\" \/>\n<script type=\"application\/ld+json\" class=\"yoast-schema-graph\">{\"@context\":\"https:\/\/schema.org\",\"@graph\":[{\"@type\":\"WebPage\",\"@id\":\"https:\/\/politykipubliczne.pl\/zespol\/\",\"url\":\"https:\/\/politykipubliczne.pl\/zespol\/\",\"name\":\"Zesp\u00f3\u0142 - Centrum Polityk Publicznych UEK\",\"isPartOf\":{\"@id\":\"https:\/\/politykipubliczne.pl\/#website\"},\"datePublished\":\"2020-10-15T01:08:21+00:00\",\"dateModified\":\"2021-03-17T11:16:40+00:00\",\"description\":\"Zesp\u00f3\u0142 CPP sklada si\u0119 z ekspert\u00f3w kt\u00f3rzy wsp\u00f3\u0142pracuj\u0105 z wiod\u0105cymi krajowymi i mi\u0119dzynarodowymi o\u015brodkami badawczymi\",\"breadcrumb\":{\"@id\":\"https:\/\/politykipubliczne.pl\/zespol\/#breadcrumb\"},\"inLanguage\":\"en-GB\",\"potentialAction\":[{\"@type\":\"ReadAction\",\"target\":[\"https:\/\/politykipubliczne.pl\/zespol\/\"]}]},{\"@type\":\"BreadcrumbList\",\"@id\":\"https:\/\/politykipubliczne.pl\/zespol\/#breadcrumb\",\"itemListElement\":[{\"@type\":\"ListItem\",\"position\":1,\"name\":\"Strona g\u0142\u00f3wna\",\"item\":\"https:\/\/politykipubliczne.pl\/\"},{\"@type\":\"ListItem\",\"position\":2,\"name\":\"Zesp\u00f3\u0142\"}]},{\"@type\":\"WebSite\",\"@id\":\"https:\/\/politykipubliczne.pl\/#website\",\"url\":\"https:\/\/politykipubliczne.pl\/\",\"name\":\"Centrum Polityk Publicznych UEK\",\"description\":\"Centrum Polityk Publicznych (CPP) jest akademickim o\u015brodkiem bada\u0144 podejmuj\u0105cym kluczowe problemy administracji publicznej, gospodarki publicznej oraz zarz\u0105dzania publicznego.\",\"publisher\":{\"@id\":\"https:\/\/politykipubliczne.pl\/#organization\"},\"potentialAction\":[{\"@type\":\"SearchAction\",\"target\":{\"@type\":\"EntryPoint\",\"urlTemplate\":\"https:\/\/politykipubliczne.pl\/?s={search_term_string}\"},\"query-input\":{\"@type\":\"PropertyValueSpecification\",\"valueRequired\":true,\"valueName\":\"search_term_string\"}}],\"inLanguage\":\"en-GB\"},{\"@type\":\"Organization\",\"@id\":\"https:\/\/politykipubliczne.pl\/#organization\",\"name\":\"Centrum Polityk Publicznych UEK\",\"url\":\"https:\/\/politykipubliczne.pl\/\",\"logo\":{\"@type\":\"ImageObject\",\"inLanguage\":\"en-GB\",\"@id\":\"https:\/\/politykipubliczne.pl\/#\/schema\/logo\/image\/\",\"url\":\"https:\/\/politykipubliczne.pl\/wp-content\/uploads\/2020\/10\/CPP_ikona_2.png\",\"contentUrl\":\"https:\/\/politykipubliczne.pl\/wp-content\/uploads\/2020\/10\/CPP_ikona_2.png\",\"width\":512,\"height\":512,\"caption\":\"Centrum Polityk Publicznych UEK\"},\"image\":{\"@id\":\"https:\/\/politykipubliczne.pl\/#\/schema\/logo\/image\/\"},\"sameAs\":[\"https:\/\/www.facebook.com\/CPPUEK\",\"https:\/\/x.com\/cppuek\",\"https:\/\/pl.wikipedia.org\/wiki\/Centrum_Polityk_Publicznych_Uniwersytetu_Ekonomicznego_w_Krakowie_(CPP_UEK)\"]}]}<\/script>\n<!-- \/ Yoast SEO plugin. -->","yoast_head_json":{"title":"Zesp\u00f3\u0142 - Centrum Polityk Publicznych UEK","description":"Zesp\u00f3\u0142 CPP sklada si\u0119 z ekspert\u00f3w kt\u00f3rzy wsp\u00f3\u0142pracuj\u0105 z wiod\u0105cymi krajowymi i mi\u0119dzynarodowymi o\u015brodkami badawczymi","robots":{"index":"index","follow":"follow","max-snippet":"max-snippet:-1","max-image-preview":"max-image-preview:large","max-video-preview":"max-video-preview:-1"},"canonical":"https:\/\/politykipubliczne.pl\/en\/zespol\/","og_locale":"en_GB","og_type":"article","og_title":"Zesp\u00f3\u0142 - Centrum Polityk Publicznych UEK","og_description":"Zesp\u00f3\u0142 CPP sklada si\u0119 z ekspert\u00f3w kt\u00f3rzy wsp\u00f3\u0142pracuj\u0105 z wiod\u0105cymi krajowymi i mi\u0119dzynarodowymi o\u015brodkami badawczymi","og_url":"https:\/\/politykipubliczne.pl\/en\/zespol\/","og_site_name":"Centrum Polityk Publicznych UEK","article_publisher":"https:\/\/www.facebook.com\/CPPUEK","article_modified_time":"2021-03-17T11:16:40+00:00","og_image":[{"width":512,"height":512,"url":"https:\/\/politykipubliczne.pl\/wp-content\/uploads\/2020\/10\/CPP_ikona.png","type":"image\/png"}],"twitter_card":"summary_large_image","twitter_site":"@cppuek","schema":{"@context":"https:\/\/schema.org","@graph":[{"@type":"WebPage","@id":"https:\/\/politykipubliczne.pl\/zespol\/","url":"https:\/\/politykipubliczne.pl\/zespol\/","name":"Zesp\u00f3\u0142 - Centrum Polityk Publicznych UEK","isPartOf":{"@id":"https:\/\/politykipubliczne.pl\/#website"},"datePublished":"2020-10-15T01:08:21+00:00","dateModified":"2021-03-17T11:16:40+00:00","description":"Zesp\u00f3\u0142 CPP sklada si\u0119 z ekspert\u00f3w kt\u00f3rzy wsp\u00f3\u0142pracuj\u0105 z wiod\u0105cymi krajowymi i mi\u0119dzynarodowymi o\u015brodkami badawczymi","breadcrumb":{"@id":"https:\/\/politykipubliczne.pl\/zespol\/#breadcrumb"},"inLanguage":"en-GB","potentialAction":[{"@type":"ReadAction","target":["https:\/\/politykipubliczne.pl\/zespol\/"]}]},{"@type":"BreadcrumbList","@id":"https:\/\/politykipubliczne.pl\/zespol\/#breadcrumb","itemListElement":[{"@type":"ListItem","position":1,"name":"Strona g\u0142\u00f3wna","item":"https:\/\/politykipubliczne.pl\/"},{"@type":"ListItem","position":2,"name":"Zesp\u00f3\u0142"}]},{"@type":"WebSite","@id":"https:\/\/politykipubliczne.pl\/#website","url":"https:\/\/politykipubliczne.pl\/","name":"Centrum Polityk Publicznych UEK","description":"Centrum Polityk Publicznych (CPP) jest akademickim o\u015brodkiem bada\u0144 podejmuj\u0105cym kluczowe problemy administracji publicznej, gospodarki publicznej oraz zarz\u0105dzania publicznego.","publisher":{"@id":"https:\/\/politykipubliczne.pl\/#organization"},"potentialAction":[{"@type":"SearchAction","target":{"@type":"EntryPoint","urlTemplate":"https:\/\/politykipubliczne.pl\/?s={search_term_string}"},"query-input":{"@type":"PropertyValueSpecification","valueRequired":true,"valueName":"search_term_string"}}],"inLanguage":"en-GB"},{"@type":"Organization","@id":"https:\/\/politykipubliczne.pl\/#organization","name":"Centrum Polityk Publicznych UEK","url":"https:\/\/politykipubliczne.pl\/","logo":{"@type":"ImageObject","inLanguage":"en-GB","@id":"https:\/\/politykipubliczne.pl\/#\/schema\/logo\/image\/","url":"https:\/\/politykipubliczne.pl\/wp-content\/uploads\/2020\/10\/CPP_ikona_2.png","contentUrl":"https:\/\/politykipubliczne.pl\/wp-content\/uploads\/2020\/10\/CPP_ikona_2.png","width":512,"height":512,"caption":"Centrum Polityk Publicznych UEK"},"image":{"@id":"https:\/\/politykipubliczne.pl\/#\/schema\/logo\/image\/"},"sameAs":["https:\/\/www.facebook.com\/CPPUEK","https:\/\/x.com\/cppuek","https:\/\/pl.wikipedia.org\/wiki\/Centrum_Polityk_Publicznych_Uniwersytetu_Ekonomicznego_w_Krakowie_(CPP_UEK)"]}]}},"_links":{"self":[{"href":"https:\/\/politykipubliczne.pl\/en\/wp-json\/wp\/v2\/pages\/206"}],"collection":[{"href":"https:\/\/politykipubliczne.pl\/en\/wp-json\/wp\/v2\/pages"}],"about":[{"href":"https:\/\/politykipubliczne.pl\/en\/wp-json\/wp\/v2\/types\/page"}],"author":[{"embeddable":true,"href":"https:\/\/politykipubliczne.pl\/en\/wp-json\/wp\/v2\/users\/1"}],"replies":[{"embeddable":true,"href":"https:\/\/politykipubliczne.pl\/en\/wp-json\/wp\/v2\/comments?post=206"}],"version-history":[{"count":21,"href":"https:\/\/politykipubliczne.pl\/en\/wp-json\/wp\/v2\/pages\/206\/revisions"}],"predecessor-version":[{"id":921,"href":"https:\/\/politykipubliczne.pl\/en\/wp-json\/wp\/v2\/pages\/206\/revisions\/921"}],"wp:attachment":[{"href":"https:\/\/politykipubliczne.pl\/en\/wp-json\/wp\/v2\/media?parent=206"}],"curies":[{"name":"wp","href":"https:\/\/api.w.org\/{rel}","templated":true}]}}