{"id":2,"date":"2020-06-26T22:41:29","date_gmt":"2020-06-26T20:41:29","guid":{"rendered":"http:\/\/politykipubliczne.pl\/?page_id=2"},"modified":"2025-04-07T09:31:27","modified_gmt":"2025-04-07T07:31:27","slug":"media","status":"publish","type":"page","link":"https:\/\/politykipubliczne.pl\/en\/media\/","title":{"rendered":"Dla medi\u00f3w"},"content":{"rendered":"<hr \/>\r\n<p>Sprawy publiczne potrzebuj\u0105 profesjonalnego wsparcia ze strony \u015brodowiska akademickiego. Dlatego utworzyli\u015bmy Centrum Polityk Publicznych Uniwersytetu Ekonomicznego w Krakowie. Chcemy dostarcza\u0107 precyzyjnych analiz i rekomendacji bazuj\u0105cych na badaniach naukowych. Wyniki naszych prac b\u0119d\u0105 dotyczy\u0142y najwa\u017cniejszych obszar\u00f3w, w kt\u00f3rych realizowane s\u0105 polityki publiczne.<\/p>\r\n<p>Wierzymy, \u017ce dostarczaj\u0105c tak\u0105 wiedz\u0119 pomo\u017cemy nie tylko osobom decyduj\u0105cym o dzia\u0142aniu pa\u0144stwa i samorz\u0105d\u00f3w. Chcemy tak\u017ce przyczyni\u0107 si\u0119 do zwr\u00f3cenia uwagi opinii publicznej na tematy, kt\u00f3re s\u0105 naprawd\u0119 wa\u017cne dla naszej przysz\u0142o\u015bci. Spos\u00f3b dzia\u0142ania Centrum wpisane jest wi\u0119c szybkie reagowanie na wyzwania i zagro\u017cenia pojawiaj\u0105ce si\u0119 w sferze publicznej.<\/p>\r\n<p>&nbsp;<\/p>\r\n<p><\/p>\r\n<hr \/>\r\n<h4 style=\"text-align: center;\">MATERIA\u0141Y PRASOWE<\/h4>\r\n<hr \/>\r\n<p style=\"text-align: center;\"><a href=\"https:\/\/politykipubliczne.pl\/wp-content\/uploads\/2025\/04\/zdrowa_urbanistyka_tekst_poredakcji2.docx\">Raport: Jak przeciwdzia\u0142a\u0107 nadmiernemu nagrzewaniu si\u0119 miasta? Za\u0142o\u017cenia do standard\u00f3w zdrowego planowania przestrzennego w kontek\u015bcie infrastruktury zielono-b\u0142\u0119kitnej<\/a><\/p>\r\n<p style=\"text-align: center;\"><a href=\"https:\/\/politykipubliczne.pl\/wp-content\/uploads\/2024\/09\/kotly_press.docx\">Raport: Rynek urz\u0105dze\u0144 grzewczych i ich komponent\u00f3w w okresie dzia\u0142a\u0144 na rzecz czystego powietrza; wnioski dla ma\u0142opolskich producent\u00f3w urz\u0105dze\u0144 grzewczych i \u201ezielonej polityki przemys\u0142owej\u201d regionu<\/a><\/p>\r\n<p style=\"text-align: center;\"><a href=\"https:\/\/politykipubliczne.pl\/wp-content\/uploads\/2024\/07\/meteopolia_krk_press.docx\">Polityka przestrzenna w aglomeracji krakowskiej w \u015bwietle proces\u00f3w metropolizacji i suburbanizacji<\/a><\/p>\r\n<p style=\"text-align: center;\"><a href=\"https:\/\/politykipubliczne.pl\/wp-content\/uploads\/2023\/10\/zywnosc_press-LAST.docx\" target=\"_blank\" rel=\"noopener\">Raport: Du\u017cy mo\u017ce wi\u0119cej. Wyzwania dla bezpiecze\u0144stwa \u017cywno\u015bciowego Polak\u00f3w<\/a><\/p>\r\n<p style=\"text-align: center;\"><a href=\"https:\/\/politykipubliczne.pl\/wp-content\/uploads\/2023\/04\/notatka-press.docx\" target=\"_blank\" rel=\"noopener\">Raport: Potencja\u0142 turystyczny teren\u00f3w kombinatu w Nowej Hucie w perspektywie d\u0142ugookresowej<\/a><\/p>\r\n<p style=\"text-align: center;\"><a href=\"https:\/\/politykipubliczne.pl\/wp-content\/uploads\/2023\/04\/odpornosc_press.docx\" target=\"_blank\" rel=\"noopener\">Raport: Suma wszystkich strach\u00f3w. Polityka proodporno\u015bciowa jako odpowied\u017a na czasy polikryzysu<\/a><\/p>\r\n<p style=\"text-align: center;\"><a href=\"https:\/\/politykipubliczne.pl\/wp-content\/uploads\/2023\/04\/powiaty_press.docx\">Raport: Zasadno\u015b\u0107 funkcjonowania powiat\u00f3w obwarzankowych w \u015bwietle 20 lat do\u015bwiadcze\u0144 z\u00a0samorz\u0105dem powiatowym w Polsce<\/a><\/p>\r\n<p style=\"text-align: center;\"><a href=\"https:\/\/politykipubliczne.pl\/wp-content\/uploads\/2023\/03\/doradztwo_publiczne_press.docx\">Raport: Infrastruktura doradztwa publicznego &#8211; przestrze\u0144 &#8211; po\u015brednicy &#8211; techniki<\/a><\/p>\r\n<p style=\"text-align: center;\"><a href=\"https:\/\/politykipubliczne.pl\/wp-content\/uploads\/2022\/12\/praca_press_mk.docx\" target=\"_blank\" rel=\"noopener\">Raport: Praca prawem nie towarem. Perspektywa wprowadzenia gwarancji zatrudnienia w Polsce<\/a><\/p>\r\n<p style=\"text-align: center;\"><a href=\"https:\/\/politykipubliczne.pl\/wp-content\/uploads\/2022\/12\/postprawda_press_mk.docx\" target=\"_blank\" rel=\"noopener\">Raport: Post-prawda. Jak rodz\u0105 si\u0119 spo\u0142eczne bzdury?<\/a><\/p>\r\n<p style=\"text-align: center;\"><a href=\"https:\/\/politykipubliczne.pl\/wp-content\/uploads\/2022\/05\/powietrze_press.docx\">Raport: &#8222;Dzia\u0142ania w\u0142adz rz\u0105dowych i samorz\u0105dowych na rzecz czystego powietrza&#8221;<\/a><\/p>\r\n<p style=\"text-align: center;\"><a href=\"https:\/\/politykipubliczne.pl\/wp-content\/uploads\/2022\/04\/36_Rzadzenie-bez-paternalizmu_press.docx\">Raport: &#8222;Rz\u0105dzenie bez paternalizmu&#8221;<\/a><\/p>\r\n<p style=\"text-align: center;\"><a href=\"https:\/\/politykipubliczne.pl\/wp-content\/uploads\/2021\/12\/CPP-UEK_Ostatni-zgasi-swiatlo_press.docx\">Raport: &#8222;Ostatni zgasi \u015bwiat\u0142o&#8221;<\/a><\/p>\r\n<p style=\"text-align: center;\"><a href=\"https:\/\/politykipubliczne.pl\/wp-content\/uploads\/2021\/11\/Raport_miasto-15min_press.docx\">Czy Krak\u00f3w mo\u017ce sta\u0107 si\u0119 miastem15-minutowych?<\/a><\/p>\r\n<p style=\"text-align: center;\"><a href=\"https:\/\/politykipubliczne.pl\/wp-content\/uploads\/2021\/11\/29_CPP-UEK_Swiat-na-wynajem_press.docx\">Raport: \u015awiat na wynajem<\/a><\/p>\r\n<p style=\"text-align: center;\"><a href=\"https:\/\/politykipubliczne.pl\/wp-content\/uploads\/2021\/09\/28_CPP-UEK_Na-wschod-zwrot_press.docx\">Raport: Na wsch\u00f3d zwrot<\/a><\/p>\r\n<p style=\"text-align: center;\"><a href=\"https:\/\/politykipubliczne.pl\/wp-content\/uploads\/2021\/09\/27_CPP-UEK_Niewykorzystany-potencjal-PRESS.docx\">Raport: Niewykorzystany potencja\u0142<\/a><\/p>\r\n<p style=\"text-align: center;\"><a href=\"https:\/\/politykipubliczne.pl\/wp-content\/uploads\/2021\/08\/Raport26_Rynek-pracownika-w-panstwie-przedsiebiorcow.pdf\">Raport: Rynek pracownika w pa\u0144stwie przedsi\u0119biorc\u00f3w<\/a><\/p>\r\n<p style=\"text-align: center;\"><a href=\"https:\/\/politykipubliczne.pl\/wp-content\/uploads\/2021\/08\/Raport_W-poszukiwaniu-bezpiecznej-przystani.pdf\">Raport: W poszukiwaniu bezpiecznej przystani<\/a><\/p>\r\n<p style=\"text-align: center;\"><a href=\"https:\/\/politykipubliczne.pl\/wp-content\/uploads\/2021\/08\/Raport18_Aktualizacja-modelu-restrykcji.pdf\">Raport: Aktualizacja modelu restrykcji<\/a><\/p>\r\n<p style=\"text-align: center;\"><a href=\"https:\/\/politykipubliczne.pl\/wp-content\/uploads\/2021\/08\/Raport17_Sytuacja-miast-powiatowych.pdf\">Raport: Sytuacja miast powiatowych<\/a><\/p>\r\n<p style=\"text-align: center;\"><a href=\"https:\/\/politykipubliczne.pl\/wp-content\/uploads\/2021\/08\/Raport_Sanepid-w-ogniu.pdf\">Raport: Sanepid w ogniu<\/a><\/p>\r\n<p style=\"text-align: center;\"><a href=\"https:\/\/politykipubliczne.pl\/wp-content\/uploads\/2021\/08\/Raport24_Edukowac-i-karac.docx.pdf\">Raport: Edukowa\u0107 i kara\u0107<\/a><\/p>\r\n<p style=\"text-align: center;\"><a href=\"https:\/\/politykipubliczne.pl\/wp-content\/uploads\/2021\/08\/Raport25_Cyfryzacja-i-rynek-pracy.docx.pdf\">Raport: Cyfryzacja i rynek pracy<\/a><\/p>\r\n<p>&nbsp;<\/p>\r\n<p><!-- \/wp:paragraph --><\/p>\r\n<hr \/>\r\n<h4 style=\"text-align: center;\">MATERIA\u0141Y DO POBRANIA<\/h4>\r\n<hr \/>\r\n<p style=\"text-align: center;\">\u00a0<\/p>\r\n<p style=\"text-align: center;\"><a href=\"http:\/\/politykipubliczne.pl\/wp-content\/uploads\/2020\/10\/CENTRUM-POLITYK-BUBLICZNYCH-BRAND-BOOK.pdf\">KSI\u0118GA ZNAKU CPP<\/a><\/p>\r\n<p style=\"text-align: center;\"><a href=\"http:\/\/politykipubliczne.pl\/wp-content\/uploads\/2020\/10\/1.-CENTRUM-POLITYK-BUBLICZNYCH_logotyp.zip\">LOGOTYP CPP (PL)<\/a><\/p>\r\n<p style=\"text-align: center;\"><a href=\"http:\/\/politykipubliczne.pl\/wp-content\/uploads\/2020\/10\/Publicy-Policy-Center-logo_eng.zip\">LOGOTYP CPP (ENG)<\/a><\/p>","protected":false},"excerpt":{"rendered":"<p>Sprawy publiczne potrzebuj\u0105 profesjonalnego wsparcia ze strony \u015brodowiska akademickiego. Dlatego utworzyli\u015bmy Centrum Polityk Publicznych Uniwersytetu Ekonomicznego w Krakowie. Chcemy dostarcza\u0107 precyzyjnych analiz i rekomendacji bazuj\u0105cych na badaniach naukowych. Wyniki naszych prac b\u0119d\u0105 dotyczy\u0142y najwa\u017cniejszych obszar\u00f3w, w kt\u00f3rych realizowane s\u0105 polityki publiczne. Wierzymy, \u017ce dostarczaj\u0105c tak\u0105 wiedz\u0119 pomo\u017cemy nie tylko osobom decyduj\u0105cym o dzia\u0142aniu pa\u0144stwa i [&hellip;]<\/p>\n","protected":false},"author":1,"featured_media":0,"parent":0,"menu_order":0,"comment_status":"closed","ping_status":"open","template":"","meta":{"_acf_changed":false,"_monsterinsights_skip_tracking":false,"_monsterinsights_sitenote_active":false,"_monsterinsights_sitenote_note":"","_monsterinsights_sitenote_category":0,"footnotes":""},"acf":[],"yoast_head":"<!-- This site is optimized with the Yoast SEO plugin v23.5 - https:\/\/yoast.com\/wordpress\/plugins\/seo\/ -->\n<title>Dla medi\u00f3w - Centrum Polityk Publicznych UEK<\/title>\n<meta name=\"description\" content=\"W zak\u0142adce &quot;dla medi\u00f3w&quot; mo\u017cna znale\u017a\u0107 materia\u0142y do pobrania, ksi\u0119g\u0119 znaku, logotypy oraz materia\u0142y prasowe\" \/>\n<meta name=\"robots\" content=\"index, follow, max-snippet:-1, max-image-preview:large, max-video-preview:-1\" \/>\n<link rel=\"canonical\" href=\"https:\/\/politykipubliczne.pl\/en\/media\/\" \/>\n<meta property=\"og:locale\" content=\"en_GB\" \/>\n<meta property=\"og:type\" content=\"article\" \/>\n<meta property=\"og:title\" content=\"Dla medi\u00f3w - Centrum Polityk Publicznych UEK\" \/>\n<meta property=\"og:description\" content=\"W zak\u0142adce &quot;dla medi\u00f3w&quot; mo\u017cna znale\u017a\u0107 materia\u0142y do pobrania, ksi\u0119g\u0119 znaku, logotypy oraz materia\u0142y prasowe\" \/>\n<meta property=\"og:url\" content=\"https:\/\/politykipubliczne.pl\/en\/media\/\" \/>\n<meta property=\"og:site_name\" content=\"Centrum Polityk Publicznych UEK\" \/>\n<meta property=\"article:publisher\" content=\"https:\/\/www.facebook.com\/CPPUEK\" \/>\n<meta property=\"article:modified_time\" content=\"2025-04-07T07:31:27+00:00\" \/>\n<meta property=\"og:image\" content=\"https:\/\/politykipubliczne.pl\/wp-content\/uploads\/2020\/10\/CPP_ikona.png\" \/>\n\t<meta property=\"og:image:width\" content=\"512\" \/>\n\t<meta property=\"og:image:height\" content=\"512\" \/>\n\t<meta property=\"og:image:type\" content=\"image\/png\" \/>\n<meta name=\"twitter:card\" content=\"summary_large_image\" \/>\n<meta name=\"twitter:site\" content=\"@cppuek\" \/>\n<meta name=\"twitter:label1\" content=\"Estimated reading time\" \/>\n\t<meta name=\"twitter:data1\" content=\"2 minutes\" \/>\n<script type=\"application\/ld+json\" class=\"yoast-schema-graph\">{\"@context\":\"https:\/\/schema.org\",\"@graph\":[{\"@type\":\"WebPage\",\"@id\":\"https:\/\/politykipubliczne.pl\/media\/\",\"url\":\"https:\/\/politykipubliczne.pl\/media\/\",\"name\":\"Dla medi\u00f3w - Centrum Polityk Publicznych UEK\",\"isPartOf\":{\"@id\":\"https:\/\/politykipubliczne.pl\/#website\"},\"datePublished\":\"2020-06-26T20:41:29+00:00\",\"dateModified\":\"2025-04-07T07:31:27+00:00\",\"description\":\"W zak\u0142adce \\\"dla medi\u00f3w\\\" mo\u017cna znale\u017a\u0107 materia\u0142y do pobrania, ksi\u0119g\u0119 znaku, logotypy oraz materia\u0142y prasowe\",\"breadcrumb\":{\"@id\":\"https:\/\/politykipubliczne.pl\/media\/#breadcrumb\"},\"inLanguage\":\"en-GB\",\"potentialAction\":[{\"@type\":\"ReadAction\",\"target\":[\"https:\/\/politykipubliczne.pl\/media\/\"]}]},{\"@type\":\"BreadcrumbList\",\"@id\":\"https:\/\/politykipubliczne.pl\/media\/#breadcrumb\",\"itemListElement\":[{\"@type\":\"ListItem\",\"position\":1,\"name\":\"Strona g\u0142\u00f3wna\",\"item\":\"https:\/\/politykipubliczne.pl\/\"},{\"@type\":\"ListItem\",\"position\":2,\"name\":\"Dla medi\u00f3w\"}]},{\"@type\":\"WebSite\",\"@id\":\"https:\/\/politykipubliczne.pl\/#website\",\"url\":\"https:\/\/politykipubliczne.pl\/\",\"name\":\"Centrum Polityk Publicznych UEK\",\"description\":\"Centrum Polityk Publicznych (CPP) jest akademickim o\u015brodkiem bada\u0144 podejmuj\u0105cym kluczowe problemy administracji publicznej, gospodarki publicznej oraz zarz\u0105dzania publicznego.\",\"publisher\":{\"@id\":\"https:\/\/politykipubliczne.pl\/#organization\"},\"potentialAction\":[{\"@type\":\"SearchAction\",\"target\":{\"@type\":\"EntryPoint\",\"urlTemplate\":\"https:\/\/politykipubliczne.pl\/?s={search_term_string}\"},\"query-input\":{\"@type\":\"PropertyValueSpecification\",\"valueRequired\":true,\"valueName\":\"search_term_string\"}}],\"inLanguage\":\"en-GB\"},{\"@type\":\"Organization\",\"@id\":\"https:\/\/politykipubliczne.pl\/#organization\",\"name\":\"Centrum Polityk Publicznych UEK\",\"url\":\"https:\/\/politykipubliczne.pl\/\",\"logo\":{\"@type\":\"ImageObject\",\"inLanguage\":\"en-GB\",\"@id\":\"https:\/\/politykipubliczne.pl\/#\/schema\/logo\/image\/\",\"url\":\"https:\/\/politykipubliczne.pl\/wp-content\/uploads\/2020\/10\/CPP_ikona_2.png\",\"contentUrl\":\"https:\/\/politykipubliczne.pl\/wp-content\/uploads\/2020\/10\/CPP_ikona_2.png\",\"width\":512,\"height\":512,\"caption\":\"Centrum Polityk Publicznych UEK\"},\"image\":{\"@id\":\"https:\/\/politykipubliczne.pl\/#\/schema\/logo\/image\/\"},\"sameAs\":[\"https:\/\/www.facebook.com\/CPPUEK\",\"https:\/\/x.com\/cppuek\",\"https:\/\/pl.wikipedia.org\/wiki\/Centrum_Polityk_Publicznych_Uniwersytetu_Ekonomicznego_w_Krakowie_(CPP_UEK)\"]}]}<\/script>\n<!-- \/ Yoast SEO plugin. -->","yoast_head_json":{"title":"Dla medi\u00f3w - Centrum Polityk Publicznych UEK","description":"W zak\u0142adce \"dla medi\u00f3w\" mo\u017cna znale\u017a\u0107 materia\u0142y do pobrania, ksi\u0119g\u0119 znaku, logotypy oraz materia\u0142y prasowe","robots":{"index":"index","follow":"follow","max-snippet":"max-snippet:-1","max-image-preview":"max-image-preview:large","max-video-preview":"max-video-preview:-1"},"canonical":"https:\/\/politykipubliczne.pl\/en\/media\/","og_locale":"en_GB","og_type":"article","og_title":"Dla medi\u00f3w - Centrum Polityk Publicznych UEK","og_description":"W zak\u0142adce \"dla medi\u00f3w\" mo\u017cna znale\u017a\u0107 materia\u0142y do pobrania, ksi\u0119g\u0119 znaku, logotypy oraz materia\u0142y prasowe","og_url":"https:\/\/politykipubliczne.pl\/en\/media\/","og_site_name":"Centrum Polityk Publicznych UEK","article_publisher":"https:\/\/www.facebook.com\/CPPUEK","article_modified_time":"2025-04-07T07:31:27+00:00","og_image":[{"width":512,"height":512,"url":"https:\/\/politykipubliczne.pl\/wp-content\/uploads\/2020\/10\/CPP_ikona.png","type":"image\/png"}],"twitter_card":"summary_large_image","twitter_site":"@cppuek","twitter_misc":{"Estimated reading time":"2 minutes"},"schema":{"@context":"https:\/\/schema.org","@graph":[{"@type":"WebPage","@id":"https:\/\/politykipubliczne.pl\/media\/","url":"https:\/\/politykipubliczne.pl\/media\/","name":"Dla medi\u00f3w - Centrum Polityk Publicznych UEK","isPartOf":{"@id":"https:\/\/politykipubliczne.pl\/#website"},"datePublished":"2020-06-26T20:41:29+00:00","dateModified":"2025-04-07T07:31:27+00:00","description":"W zak\u0142adce \"dla medi\u00f3w\" mo\u017cna znale\u017a\u0107 materia\u0142y do pobrania, ksi\u0119g\u0119 znaku, logotypy oraz materia\u0142y prasowe","breadcrumb":{"@id":"https:\/\/politykipubliczne.pl\/media\/#breadcrumb"},"inLanguage":"en-GB","potentialAction":[{"@type":"ReadAction","target":["https:\/\/politykipubliczne.pl\/media\/"]}]},{"@type":"BreadcrumbList","@id":"https:\/\/politykipubliczne.pl\/media\/#breadcrumb","itemListElement":[{"@type":"ListItem","position":1,"name":"Strona g\u0142\u00f3wna","item":"https:\/\/politykipubliczne.pl\/"},{"@type":"ListItem","position":2,"name":"Dla medi\u00f3w"}]},{"@type":"WebSite","@id":"https:\/\/politykipubliczne.pl\/#website","url":"https:\/\/politykipubliczne.pl\/","name":"Centrum Polityk Publicznych UEK","description":"Centrum Polityk Publicznych (CPP) jest akademickim o\u015brodkiem bada\u0144 podejmuj\u0105cym kluczowe problemy administracji publicznej, gospodarki publicznej oraz zarz\u0105dzania publicznego.","publisher":{"@id":"https:\/\/politykipubliczne.pl\/#organization"},"potentialAction":[{"@type":"SearchAction","target":{"@type":"EntryPoint","urlTemplate":"https:\/\/politykipubliczne.pl\/?s={search_term_string}"},"query-input":{"@type":"PropertyValueSpecification","valueRequired":true,"valueName":"search_term_string"}}],"inLanguage":"en-GB"},{"@type":"Organization","@id":"https:\/\/politykipubliczne.pl\/#organization","name":"Centrum Polityk Publicznych UEK","url":"https:\/\/politykipubliczne.pl\/","logo":{"@type":"ImageObject","inLanguage":"en-GB","@id":"https:\/\/politykipubliczne.pl\/#\/schema\/logo\/image\/","url":"https:\/\/politykipubliczne.pl\/wp-content\/uploads\/2020\/10\/CPP_ikona_2.png","contentUrl":"https:\/\/politykipubliczne.pl\/wp-content\/uploads\/2020\/10\/CPP_ikona_2.png","width":512,"height":512,"caption":"Centrum Polityk Publicznych UEK"},"image":{"@id":"https:\/\/politykipubliczne.pl\/#\/schema\/logo\/image\/"},"sameAs":["https:\/\/www.facebook.com\/CPPUEK","https:\/\/x.com\/cppuek","https:\/\/pl.wikipedia.org\/wiki\/Centrum_Polityk_Publicznych_Uniwersytetu_Ekonomicznego_w_Krakowie_(CPP_UEK)"]}]}},"_links":{"self":[{"href":"https:\/\/politykipubliczne.pl\/en\/wp-json\/wp\/v2\/pages\/2"}],"collection":[{"href":"https:\/\/politykipubliczne.pl\/en\/wp-json\/wp\/v2\/pages"}],"about":[{"href":"https:\/\/politykipubliczne.pl\/en\/wp-json\/wp\/v2\/types\/page"}],"author":[{"embeddable":true,"href":"https:\/\/politykipubliczne.pl\/en\/wp-json\/wp\/v2\/users\/1"}],"replies":[{"embeddable":true,"href":"https:\/\/politykipubliczne.pl\/en\/wp-json\/wp\/v2\/comments?post=2"}],"version-history":[{"count":60,"href":"https:\/\/politykipubliczne.pl\/en\/wp-json\/wp\/v2\/pages\/2\/revisions"}],"predecessor-version":[{"id":1761,"href":"https:\/\/politykipubliczne.pl\/en\/wp-json\/wp\/v2\/pages\/2\/revisions\/1761"}],"wp:attachment":[{"href":"https:\/\/politykipubliczne.pl\/en\/wp-json\/wp\/v2\/media?parent=2"}],"curies":[{"name":"wp","href":"https:\/\/api.w.org\/{rel}","templated":true}]}}