{"id":188,"date":"2020-10-15T02:45:47","date_gmt":"2020-10-15T00:45:47","guid":{"rendered":"http:\/\/politykipubliczne.pl\/?page_id=188"},"modified":"2020-11-03T13:56:17","modified_gmt":"2020-11-03T12:56:17","slug":"rada-centrum","status":"publish","type":"page","link":"https:\/\/politykipubliczne.pl\/en\/rada-centrum\/","title":{"rendered":"<center>Rada Centrum<\/center>"},"content":{"rendered":"<hr \/>\n<p>&nbsp;<\/p>","protected":false},"excerpt":{"rendered":"<p>&nbsp;<\/p>","protected":false},"author":1,"featured_media":0,"parent":0,"menu_order":0,"comment_status":"closed","ping_status":"closed","template":"page-council.php","meta":{"_acf_changed":false,"_monsterinsights_skip_tracking":false,"_monsterinsights_sitenote_active":false,"_monsterinsights_sitenote_note":"","_monsterinsights_sitenote_category":0,"footnotes":""},"acf":[],"yoast_head":"<!-- This site is optimized with the Yoast SEO plugin v23.5 - https:\/\/yoast.com\/wordpress\/plugins\/seo\/ -->\n<title>Rada Centrum - Centrum Polityk Publicznych UEK<\/title>\n<meta name=\"description\" content=\"Rada CPP zosta\u0142a powo\u0142ana dla sprawnej koordynacji proces\u00f3w badawczych w ramach poszczeg\u00f3lnych obszar\u00f3w badawczych\" \/>\n<meta name=\"robots\" content=\"index, follow, max-snippet:-1, max-image-preview:large, max-video-preview:-1\" \/>\n<link rel=\"canonical\" href=\"https:\/\/politykipubliczne.pl\/en\/rada-centrum\/\" \/>\n<meta property=\"og:locale\" content=\"en_GB\" \/>\n<meta property=\"og:type\" content=\"article\" \/>\n<meta property=\"og:title\" content=\"Rada Centrum - Centrum Polityk Publicznych UEK\" \/>\n<meta property=\"og:description\" content=\"Rada CPP zosta\u0142a powo\u0142ana dla sprawnej koordynacji proces\u00f3w badawczych w ramach poszczeg\u00f3lnych obszar\u00f3w badawczych\" \/>\n<meta property=\"og:url\" content=\"https:\/\/politykipubliczne.pl\/en\/rada-centrum\/\" \/>\n<meta property=\"og:site_name\" content=\"Centrum Polityk Publicznych UEK\" \/>\n<meta property=\"article:publisher\" content=\"https:\/\/www.facebook.com\/CPPUEK\" \/>\n<meta property=\"article:modified_time\" content=\"2020-11-03T12:56:17+00:00\" \/>\n<meta property=\"og:image\" content=\"https:\/\/politykipubliczne.pl\/wp-content\/uploads\/2020\/10\/CPP_ikona.png\" \/>\n\t<meta property=\"og:image:width\" content=\"512\" \/>\n\t<meta property=\"og:image:height\" content=\"512\" \/>\n\t<meta property=\"og:image:type\" content=\"image\/png\" \/>\n<meta name=\"twitter:card\" content=\"summary_large_image\" \/>\n<meta name=\"twitter:site\" content=\"@cppuek\" \/>\n<script type=\"application\/ld+json\" class=\"yoast-schema-graph\">{\"@context\":\"https:\/\/schema.org\",\"@graph\":[{\"@type\":\"WebPage\",\"@id\":\"https:\/\/politykipubliczne.pl\/rada-centrum\/\",\"url\":\"https:\/\/politykipubliczne.pl\/rada-centrum\/\",\"name\":\"Rada Centrum - Centrum Polityk Publicznych UEK\",\"isPartOf\":{\"@id\":\"https:\/\/politykipubliczne.pl\/#website\"},\"datePublished\":\"2020-10-15T00:45:47+00:00\",\"dateModified\":\"2020-11-03T12:56:17+00:00\",\"description\":\"Rada CPP zosta\u0142a powo\u0142ana dla sprawnej koordynacji proces\u00f3w badawczych w ramach poszczeg\u00f3lnych obszar\u00f3w badawczych\",\"breadcrumb\":{\"@id\":\"https:\/\/politykipubliczne.pl\/rada-centrum\/#breadcrumb\"},\"inLanguage\":\"en-GB\",\"potentialAction\":[{\"@type\":\"ReadAction\",\"target\":[\"https:\/\/politykipubliczne.pl\/rada-centrum\/\"]}]},{\"@type\":\"BreadcrumbList\",\"@id\":\"https:\/\/politykipubliczne.pl\/rada-centrum\/#breadcrumb\",\"itemListElement\":[{\"@type\":\"ListItem\",\"position\":1,\"name\":\"Strona g\u0142\u00f3wna\",\"item\":\"https:\/\/politykipubliczne.pl\/\"},{\"@type\":\"ListItem\",\"position\":2,\"name\":\"Rada Centrum\"}]},{\"@type\":\"WebSite\",\"@id\":\"https:\/\/politykipubliczne.pl\/#website\",\"url\":\"https:\/\/politykipubliczne.pl\/\",\"name\":\"Centrum Polityk Publicznych UEK\",\"description\":\"Centrum Polityk Publicznych (CPP) jest akademickim o\u015brodkiem bada\u0144 podejmuj\u0105cym kluczowe problemy administracji publicznej, gospodarki publicznej oraz zarz\u0105dzania publicznego.\",\"publisher\":{\"@id\":\"https:\/\/politykipubliczne.pl\/#organization\"},\"potentialAction\":[{\"@type\":\"SearchAction\",\"target\":{\"@type\":\"EntryPoint\",\"urlTemplate\":\"https:\/\/politykipubliczne.pl\/?s={search_term_string}\"},\"query-input\":{\"@type\":\"PropertyValueSpecification\",\"valueRequired\":true,\"valueName\":\"search_term_string\"}}],\"inLanguage\":\"en-GB\"},{\"@type\":\"Organization\",\"@id\":\"https:\/\/politykipubliczne.pl\/#organization\",\"name\":\"Centrum Polityk Publicznych UEK\",\"url\":\"https:\/\/politykipubliczne.pl\/\",\"logo\":{\"@type\":\"ImageObject\",\"inLanguage\":\"en-GB\",\"@id\":\"https:\/\/politykipubliczne.pl\/#\/schema\/logo\/image\/\",\"url\":\"https:\/\/politykipubliczne.pl\/wp-content\/uploads\/2020\/10\/CPP_ikona_2.png\",\"contentUrl\":\"https:\/\/politykipubliczne.pl\/wp-content\/uploads\/2020\/10\/CPP_ikona_2.png\",\"width\":512,\"height\":512,\"caption\":\"Centrum Polityk Publicznych UEK\"},\"image\":{\"@id\":\"https:\/\/politykipubliczne.pl\/#\/schema\/logo\/image\/\"},\"sameAs\":[\"https:\/\/www.facebook.com\/CPPUEK\",\"https:\/\/x.com\/cppuek\",\"https:\/\/pl.wikipedia.org\/wiki\/Centrum_Polityk_Publicznych_Uniwersytetu_Ekonomicznego_w_Krakowie_(CPP_UEK)\"]}]}<\/script>\n<!-- \/ Yoast SEO plugin. -->","yoast_head_json":{"title":"Rada Centrum - Centrum Polityk Publicznych UEK","description":"Rada CPP zosta\u0142a powo\u0142ana dla sprawnej koordynacji proces\u00f3w badawczych w ramach poszczeg\u00f3lnych obszar\u00f3w badawczych","robots":{"index":"index","follow":"follow","max-snippet":"max-snippet:-1","max-image-preview":"max-image-preview:large","max-video-preview":"max-video-preview:-1"},"canonical":"https:\/\/politykipubliczne.pl\/en\/rada-centrum\/","og_locale":"en_GB","og_type":"article","og_title":"Rada Centrum - Centrum Polityk Publicznych UEK","og_description":"Rada CPP zosta\u0142a powo\u0142ana dla sprawnej koordynacji proces\u00f3w badawczych w ramach poszczeg\u00f3lnych obszar\u00f3w badawczych","og_url":"https:\/\/politykipubliczne.pl\/en\/rada-centrum\/","og_site_name":"Centrum Polityk Publicznych UEK","article_publisher":"https:\/\/www.facebook.com\/CPPUEK","article_modified_time":"2020-11-03T12:56:17+00:00","og_image":[{"width":512,"height":512,"url":"https:\/\/politykipubliczne.pl\/wp-content\/uploads\/2020\/10\/CPP_ikona.png","type":"image\/png"}],"twitter_card":"summary_large_image","twitter_site":"@cppuek","schema":{"@context":"https:\/\/schema.org","@graph":[{"@type":"WebPage","@id":"https:\/\/politykipubliczne.pl\/rada-centrum\/","url":"https:\/\/politykipubliczne.pl\/rada-centrum\/","name":"Rada Centrum - Centrum Polityk Publicznych UEK","isPartOf":{"@id":"https:\/\/politykipubliczne.pl\/#website"},"datePublished":"2020-10-15T00:45:47+00:00","dateModified":"2020-11-03T12:56:17+00:00","description":"Rada CPP zosta\u0142a powo\u0142ana dla sprawnej koordynacji proces\u00f3w badawczych w ramach poszczeg\u00f3lnych obszar\u00f3w badawczych","breadcrumb":{"@id":"https:\/\/politykipubliczne.pl\/rada-centrum\/#breadcrumb"},"inLanguage":"en-GB","potentialAction":[{"@type":"ReadAction","target":["https:\/\/politykipubliczne.pl\/rada-centrum\/"]}]},{"@type":"BreadcrumbList","@id":"https:\/\/politykipubliczne.pl\/rada-centrum\/#breadcrumb","itemListElement":[{"@type":"ListItem","position":1,"name":"Strona g\u0142\u00f3wna","item":"https:\/\/politykipubliczne.pl\/"},{"@type":"ListItem","position":2,"name":"Rada Centrum"}]},{"@type":"WebSite","@id":"https:\/\/politykipubliczne.pl\/#website","url":"https:\/\/politykipubliczne.pl\/","name":"Centrum Polityk Publicznych UEK","description":"Centrum Polityk Publicznych (CPP) jest akademickim o\u015brodkiem bada\u0144 podejmuj\u0105cym kluczowe problemy administracji publicznej, gospodarki publicznej oraz zarz\u0105dzania publicznego.","publisher":{"@id":"https:\/\/politykipubliczne.pl\/#organization"},"potentialAction":[{"@type":"SearchAction","target":{"@type":"EntryPoint","urlTemplate":"https:\/\/politykipubliczne.pl\/?s={search_term_string}"},"query-input":{"@type":"PropertyValueSpecification","valueRequired":true,"valueName":"search_term_string"}}],"inLanguage":"en-GB"},{"@type":"Organization","@id":"https:\/\/politykipubliczne.pl\/#organization","name":"Centrum Polityk Publicznych UEK","url":"https:\/\/politykipubliczne.pl\/","logo":{"@type":"ImageObject","inLanguage":"en-GB","@id":"https:\/\/politykipubliczne.pl\/#\/schema\/logo\/image\/","url":"https:\/\/politykipubliczne.pl\/wp-content\/uploads\/2020\/10\/CPP_ikona_2.png","contentUrl":"https:\/\/politykipubliczne.pl\/wp-content\/uploads\/2020\/10\/CPP_ikona_2.png","width":512,"height":512,"caption":"Centrum Polityk Publicznych UEK"},"image":{"@id":"https:\/\/politykipubliczne.pl\/#\/schema\/logo\/image\/"},"sameAs":["https:\/\/www.facebook.com\/CPPUEK","https:\/\/x.com\/cppuek","https:\/\/pl.wikipedia.org\/wiki\/Centrum_Polityk_Publicznych_Uniwersytetu_Ekonomicznego_w_Krakowie_(CPP_UEK)"]}]}},"_links":{"self":[{"href":"https:\/\/politykipubliczne.pl\/en\/wp-json\/wp\/v2\/pages\/188"}],"collection":[{"href":"https:\/\/politykipubliczne.pl\/en\/wp-json\/wp\/v2\/pages"}],"about":[{"href":"https:\/\/politykipubliczne.pl\/en\/wp-json\/wp\/v2\/types\/page"}],"author":[{"embeddable":true,"href":"https:\/\/politykipubliczne.pl\/en\/wp-json\/wp\/v2\/users\/1"}],"replies":[{"embeddable":true,"href":"https:\/\/politykipubliczne.pl\/en\/wp-json\/wp\/v2\/comments?post=188"}],"version-history":[{"count":11,"href":"https:\/\/politykipubliczne.pl\/en\/wp-json\/wp\/v2\/pages\/188\/revisions"}],"predecessor-version":[{"id":402,"href":"https:\/\/politykipubliczne.pl\/en\/wp-json\/wp\/v2\/pages\/188\/revisions\/402"}],"wp:attachment":[{"href":"https:\/\/politykipubliczne.pl\/en\/wp-json\/wp\/v2\/media?parent=188"}],"curies":[{"name":"wp","href":"https:\/\/api.w.org\/{rel}","templated":true}]}}